{"id":99,"date":"2013-03-01T16:49:26","date_gmt":"2013-03-01T15:49:26","guid":{"rendered":"http:\/\/zshorodlo.pl\/?page_id=99"},"modified":"2023-02-09T13:23:33","modified_gmt":"2023-02-09T12:23:33","slug":"statut","status":"publish","type":"page","link":"https:\/\/zshorodlo.pl\/?page_id=99","title":{"rendered":"Statut"},"content":{"rendered":"<p style=\"text-align: left;\"><a href=\"http:\/\/zshorodlo.pl\/?attachment_id=34012\" rel=\"attachment wp-att-34012\"><img loading=\"lazy\" decoding=\"async\" class=\" wp-image-34012 alignleft\" src=\"http:\/\/zshorodlo.pl\/wp-content\/uploads\/2020\/02\/w\u0142adek2-300x273.jpg\" alt=\"\" width=\"271\" height=\"248\" srcset=\"https:\/\/zshorodlo.pl\/wp-content\/uploads\/2020\/02\/w\u0142adek2-300x273.jpg 300w, https:\/\/zshorodlo.pl\/wp-content\/uploads\/2020\/02\/w\u0142adek2.jpg 413w\" sizes=\"(max-width: 271px) 100vw, 271px\" \/><\/a><\/p>\n<p>&nbsp;<\/p>\n<p>&nbsp;<\/p>\n<p>&nbsp;<\/p>\n<p>&nbsp;<\/p>\n<p>&nbsp;<\/p>\n<p style=\"text-align: center;\"><span style=\"font-size: 18pt;\"><strong>STATUT <\/strong><\/span><\/p>\n<p style=\"text-align: center;\"><span style=\"font-size: 18pt;\"><strong>LICEUM OG\u00d3LNOKSZTA\u0141C\u0104CEGO<br \/>\nim. <\/strong><\/span><span style=\"font-size: 18pt;\"><strong>UNII HORODELSKIEJ<\/strong><\/span><\/p>\n<p style=\"text-align: center;\"><span style=\"font-size: 18pt;\"><strong>w HORODLE<\/strong><\/span><\/p>\n<p style=\"text-align: center;\"><strong>STAN PRAWNY NA DZIE\u0143 01.09.2022 r. <\/strong><\/p>\n<p><a href=\"http:\/\/zshorodlo.pl\/?attachment_id=37373\" rel=\"attachment wp-att-37373\">Statut liceum<\/a><\/p>\n","protected":false},"excerpt":{"rendered":"<p>&nbsp; &nbsp; &nbsp; &nbsp; &nbsp; STATUT LICEUM OG\u00d3LNOKSZTA\u0141C\u0104CEGO im. UNII HORODELSKIEJ w HORODLE STAN PRAWNY NA DZIE\u0143 01.09.2022 r. Statut liceum<\/p>\n","protected":false},"author":3,"featured_media":0,"parent":97,"menu_order":0,"comment_status":"closed","ping_status":"open","template":"","meta":{"ngg_post_thumbnail":0,"footnotes":""},"_links":{"self":[{"href":"https:\/\/zshorodlo.pl\/index.php?rest_route=\/wp\/v2\/pages\/99"}],"collection":[{"href":"https:\/\/zshorodlo.pl\/index.php?rest_route=\/wp\/v2\/pages"}],"about":[{"href":"https:\/\/zshorodlo.pl\/index.php?rest_route=\/wp\/v2\/types\/page"}],"author":[{"embeddable":true,"href":"https:\/\/zshorodlo.pl\/index.php?rest_route=\/wp\/v2\/users\/3"}],"replies":[{"embeddable":true,"href":"https:\/\/zshorodlo.pl\/index.php?rest_route=%2Fwp%2Fv2%2Fcomments&post=99"}],"version-history":[{"count":7,"href":"https:\/\/zshorodlo.pl\/index.php?rest_route=\/wp\/v2\/pages\/99\/revisions"}],"predecessor-version":[{"id":37374,"href":"https:\/\/zshorodlo.pl\/index.php?rest_route=\/wp\/v2\/pages\/99\/revisions\/37374"}],"up":[{"embeddable":true,"href":"https:\/\/zshorodlo.pl\/index.php?rest_route=\/wp\/v2\/pages\/97"}],"wp:attachment":[{"href":"https:\/\/zshorodlo.pl\/index.php?rest_route=%2Fwp%2Fv2%2Fmedia&parent=99"}],"curies":[{"name":"wp","href":"https:\/\/api.w.org\/{rel}","templated":true}]}}