{"id":97,"date":"2013-03-01T16:48:29","date_gmt":"2013-03-01T15:48:29","guid":{"rendered":"http:\/\/zshorodlo.pl\/?page_id=97"},"modified":"2024-03-27T11:22:40","modified_gmt":"2024-03-27T10:22:40","slug":"dokumentacja-szkolna","status":"publish","type":"page","link":"https:\/\/zshorodlo.pl\/?page_id=97","title":{"rendered":"Dokumentacja szkolna"},"content":{"rendered":"<p><span style=\"font-family: 'comic sans ms', sans-serif; font-size: 18pt;\"><a href=\"http:\/\/zshorodlo.pl\/?attachment_id=35200\" rel=\"attachment wp-att-35200\">RAPORT O STANIE ZAPEWNIENIA DOST\u0118PNO\u015aCI PODMIOTU PUBLICZNEGO LO<\/a><\/span><\/p>\n<p><a href=\"http:\/\/zshorodlo.pl\/?attachment_id=35114\" rel=\"attachment wp-att-35114\"><span style=\"font-family: comic sans ms, sans-serif; font-size: 18pt;\">Regulamin Samorz\u0105du LO<\/span><\/a><\/p>\n<p><span style=\"font-family: comic sans ms, cursive; font-size: 18pt;\"><em><a href=\"http:\/\/zshorodlo.pl\/?page_id=99\">Statut<\/a><\/em><\/span><\/p>\n<p><span style=\"font-family: comic sans ms, cursive; font-size: 18pt;\"><em><a href=\"http:\/\/zshorodlo.pl\/?page_id=648\">Zestaw podr\u0119cznik\u00f3w<\/a><\/em><\/span><\/p>\n<p><a href=\"http:\/\/zshorodlo.pl\/wp-content\/uploads\/2024\/03\/Standardy-Ochrony-Maloletnich.pdf\"><em><span style=\"font-family: comic sans ms, sans-serif; font-size: 18pt;\">STANDARDY OCHRONY MA\u0141OLETNICH<\/span><\/em><\/a><\/p>\n<p><em><span style=\"font-family: comic sans ms, sans-serif; font-size: 18pt;\"><a href=\"http:\/\/zshorodlo.pl\/wp-content\/uploads\/2024\/03\/Zalacznik-do-Rozdzialu-4-procedury.pdf\">ZA\u0141\u0104CZNIK DO ROZDZIA\u0141U 4 &#8211; procedury<\/a><\/span><\/em><\/p>\n<p>&nbsp;<\/p>\n","protected":false},"excerpt":{"rendered":"<p>RAPORT O STANIE ZAPEWNIENIA DOST\u0118PNO\u015aCI PODMIOTU PUBLICZNEGO LO Regulamin Samorz\u0105du LO Statut Zestaw podr\u0119cznik\u00f3w STANDARDY OCHRONY MA\u0141OLETNICH ZA\u0141\u0104CZNIK DO ROZDZIA\u0141U 4 &#8211; procedury &nbsp;<\/p>\n","protected":false},"author":3,"featured_media":0,"parent":49,"menu_order":0,"comment_status":"closed","ping_status":"open","template":"","meta":{"ngg_post_thumbnail":0,"footnotes":""},"_links":{"self":[{"href":"https:\/\/zshorodlo.pl\/index.php?rest_route=\/wp\/v2\/pages\/97"}],"collection":[{"href":"https:\/\/zshorodlo.pl\/index.php?rest_route=\/wp\/v2\/pages"}],"about":[{"href":"https:\/\/zshorodlo.pl\/index.php?rest_route=\/wp\/v2\/types\/page"}],"author":[{"embeddable":true,"href":"https:\/\/zshorodlo.pl\/index.php?rest_route=\/wp\/v2\/users\/3"}],"replies":[{"embeddable":true,"href":"https:\/\/zshorodlo.pl\/index.php?rest_route=%2Fwp%2Fv2%2Fcomments&post=97"}],"version-history":[{"count":12,"href":"https:\/\/zshorodlo.pl\/index.php?rest_route=\/wp\/v2\/pages\/97\/revisions"}],"predecessor-version":[{"id":38843,"href":"https:\/\/zshorodlo.pl\/index.php?rest_route=\/wp\/v2\/pages\/97\/revisions\/38843"}],"up":[{"embeddable":true,"href":"https:\/\/zshorodlo.pl\/index.php?rest_route=\/wp\/v2\/pages\/49"}],"wp:attachment":[{"href":"https:\/\/zshorodlo.pl\/index.php?rest_route=%2Fwp%2Fv2%2Fmedia&parent=97"}],"curies":[{"name":"wp","href":"https:\/\/api.w.org\/{rel}","templated":true}]}}