{"id":674,"date":"2013-08-31T07:19:09","date_gmt":"2013-08-31T05:19:09","guid":{"rendered":"http:\/\/zshorodlo.pl\/?page_id=674"},"modified":"2024-03-26T09:12:22","modified_gmt":"2024-03-26T08:12:22","slug":"rozklad-jazdy","status":"publish","type":"page","link":"https:\/\/zshorodlo.pl\/?page_id=674","title":{"rendered":"Rozk\u0142ad jazdy"},"content":{"rendered":"<p>P.W. \u201eIRKOM\u201d<br \/>\n22-500 Hrubiesz\u00f3w Brodzica 39<br \/>\nfilia: 22-525 Strzy\u017c\u00f3w ul. Armii Krajowej 109<br \/>\nkonto: mBank 11 1140 2004 0000 3302 5444 9157<\/p>\n<p style=\"text-align: center;\"><span style=\"font-size: 18px;\"><strong>ROZK\u0141AD JAZDY<\/strong><\/span><\/p>\n<p style=\"margin-left: -1.25pt; text-align: center;\"><strong>Dow\u00f3z do szko\u0142y na 8.00<\/strong><\/p>\n<table>\n<tbody>\n<tr>\n<td width=\"307\"><strong>Nazwa miejscowo\u015bci<\/strong><\/td>\n<td width=\"307\"><strong>Godzina odjazd<\/strong><\/td>\n<\/tr>\n<tr>\n<td width=\"307\">Cegielnia<\/td>\n<td width=\"307\">07:00<\/td>\n<\/tr>\n<tr>\n<td width=\"307\">Matcze<\/td>\n<td width=\"307\">07:05<\/td>\n<\/tr>\n<tr>\n<td width=\"307\">Bere\u017cnica<\/td>\n<td width=\"307\">07:10<\/td>\n<\/tr>\n<tr>\n<td width=\"307\">Liski<\/td>\n<td width=\"307\">07:00<\/td>\n<\/tr>\n<tr>\n<td width=\"307\">Kopy\u0142\u00f3w<\/td>\n<td width=\"307\">07:05<\/td>\n<\/tr>\n<tr>\n<td width=\"307\">Poraj<\/td>\n<td width=\"307\">07:10<\/td>\n<\/tr>\n<tr>\n<td width=\"307\">Hrebenne<\/td>\n<td width=\"307\">07:35<\/td>\n<\/tr>\n<tr>\n<td width=\"307\">Zosin<\/td>\n<td width=\"307\">07:30<\/td>\n<\/tr>\n<tr>\n<td width=\"307\">\u0141uszk\u00f3w<\/td>\n<td width=\"307\">07:35<\/td>\n<\/tr>\n<tr>\n<td width=\"307\">Janki<\/td>\n<td width=\"307\">07:40<\/td>\n<\/tr>\n<tr>\n<td width=\"307\">&nbsp;<\/td>\n<td width=\"307\">&nbsp;<\/td>\n<\/tr>\n<\/tbody>\n<\/table>\n<p style=\"margin-left: -1.25pt; text-align: center;\"><strong>Odwozy ze szko\u0142y okolice godz. 13.25<\/strong><\/p>\n<table>\n<tbody>\n<tr>\n<td width=\"307\"><strong>Nazwa miejscowo\u015bci<\/strong><\/td>\n<td width=\"307\"><strong>Godzina odjazd<\/strong><\/td>\n<\/tr>\n<tr>\n<td width=\"307\">Hrebenne<\/td>\n<td width=\"307\">13:25<\/td>\n<\/tr>\n<tr>\n<td width=\"307\">Janki, \u0141uszk\u00f3w, Zosin<\/td>\n<td width=\"307\">13:25<\/td>\n<\/tr>\n<tr>\n<td width=\"307\">Bere\u017cnica, Cegielnia, Matcze<\/td>\n<td width=\"307\">13:45<\/td>\n<\/tr>\n<tr>\n<td width=\"307\">Poraj, Kopy\u0142\u00f3w, Liski<\/td>\n<td width=\"307\">13:45<\/td>\n<\/tr>\n<\/tbody>\n<\/table>\n<p>&nbsp;<\/p>\n<p style=\"margin-left: -1.25pt; text-align: center;\"><strong>Odwozy ze szko\u0142y okolice godz. 15.00<\/strong><\/p>\n<table>\n<tbody>\n<tr>\n<td width=\"307\"><strong>Nazwa miejscowo\u015bci<\/strong><\/td>\n<td width=\"307\"><strong>Godzina odjazd<\/strong><\/td>\n<\/tr>\n<tr>\n<td width=\"307\">Hrebenne<\/td>\n<td width=\"307\">15.00<\/td>\n<\/tr>\n<tr>\n<td width=\"307\">Janki, \u0141uszk\u00f3w, Zosin<\/td>\n<td width=\"307\">15:00<\/td>\n<\/tr>\n<tr>\n<td width=\"307\">Bere\u017cnica, Cegielnia, Matcze<\/td>\n<td width=\"307\">15:15<\/td>\n<\/tr>\n<tr>\n<td width=\"307\">Poraj, Kopy\u0142\u00f3w, Liski<\/td>\n<td width=\"307\">15.15<\/td>\n<\/tr>\n<\/tbody>\n<\/table>\n<p><!--![endif]----><!--![endif]----><\/p>\n","protected":false},"excerpt":{"rendered":"<p>P.W. \u201eIRKOM\u201d 22-500 Hrubiesz\u00f3w Brodzica 39 filia: 22-525 Strzy\u017c\u00f3w ul. Armii Krajowej 109 konto: mBank 11 1140 2004 0000 3302 5444 9157 ROZK\u0141AD JAZDY Dow\u00f3z do szko\u0142y na 8.00 Nazwa miejscowo\u015bci Godzina odjazd Cegielnia 07:00 Matcze 07:05 Bere\u017cnica 07:10 Liski &hellip; <a href=\"https:\/\/zshorodlo.pl\/?page_id=674\">Czytaj dalej <span class=\"meta-nav\">&rarr;<\/span><\/a><\/p>\n","protected":false},"author":3,"featured_media":0,"parent":0,"menu_order":5,"comment_status":"closed","ping_status":"open","template":"","meta":{"ngg_post_thumbnail":0,"footnotes":""},"_links":{"self":[{"href":"https:\/\/zshorodlo.pl\/index.php?rest_route=\/wp\/v2\/pages\/674"}],"collection":[{"href":"https:\/\/zshorodlo.pl\/index.php?rest_route=\/wp\/v2\/pages"}],"about":[{"href":"https:\/\/zshorodlo.pl\/index.php?rest_route=\/wp\/v2\/types\/page"}],"author":[{"embeddable":true,"href":"https:\/\/zshorodlo.pl\/index.php?rest_route=\/wp\/v2\/users\/3"}],"replies":[{"embeddable":true,"href":"https:\/\/zshorodlo.pl\/index.php?rest_route=%2Fwp%2Fv2%2Fcomments&post=674"}],"version-history":[{"count":14,"href":"https:\/\/zshorodlo.pl\/index.php?rest_route=\/wp\/v2\/pages\/674\/revisions"}],"predecessor-version":[{"id":38825,"href":"https:\/\/zshorodlo.pl\/index.php?rest_route=\/wp\/v2\/pages\/674\/revisions\/38825"}],"wp:attachment":[{"href":"https:\/\/zshorodlo.pl\/index.php?rest_route=%2Fwp%2Fv2%2Fmedia&parent=674"}],"curies":[{"name":"wp","href":"https:\/\/api.w.org\/{rel}","templated":true}]}}