{"id":648,"date":"2013-07-03T08:42:16","date_gmt":"2013-07-03T06:42:16","guid":{"rendered":"http:\/\/zshorodlo.pl\/?page_id=648"},"modified":"2025-09-02T08:45:33","modified_gmt":"2025-09-02T06:45:33","slug":"zestaw-podrecznikow-2","status":"publish","type":"page","link":"https:\/\/zshorodlo.pl\/?page_id=648","title":{"rendered":"Podr\u0119czniki liceum"},"content":{"rendered":"<p style=\"text-align: center;\"><span style=\"font-family: verdana, geneva, sans-serif;\">RADA PEDAGOGICZNA LICEUM OG\u00d3LNOKSZTA\u0141C\u0104CEGO IM. UNII HORODELSKIEJ W HORODLE USTALI\u0141A PO ZAOPINIOWANIU PRZEZ RAD\u0118 RODZIC\u00d3W&nbsp; SZKOLNY ZESTAW PODR\u0118CZNIK\u00d3W NA ROK SZKOLNY 2025\/2026<\/span><\/p>\n<p style=\"text-align: center;\"><span style=\"font-family: verdana, geneva, sans-serif;\">&nbsp;&nbsp;&nbsp;&nbsp;&nbsp;&nbsp;&nbsp;&nbsp;&nbsp; <span style=\"font-size: 18px;\"><strong><span style=\"color: #ff0000;\">UWAGA: Uczniowie kupuj\u0105 podr\u0119czniki samodzielnie!<\/span><\/strong><\/span><\/span><\/p>\n<p><span style=\"font-family: verdana, geneva, sans-serif;\">ZESTAW PODR\u0118CZNIK\u00d3W DO 4 \u2013 LETNIEGO LICEUM<\/span><\/p>\n<p><span style=\"font-family: verdana, geneva, sans-serif;\">OBOWI\u0104ZUJ\u0104CYCH W ROKU SZKOLNYM 2025\/2026<\/span><\/p>\n<p style=\"text-align: center;\"><strong>KLASA I<\/strong><\/p>\n<table>\n<tbody>\n<tr>\n<td width=\"153\">Przedmiot<\/td>\n<td width=\"298\">Tytu\u0142<\/td>\n<td width=\"180\">Autor<\/td>\n<td width=\"161\">Wydawnictwo<\/td>\n<td width=\"142\">Numer ewidencyjny<\/td>\n<\/tr>\n<tr>\n<td width=\"153\">J\u0119zyk polski<\/td>\n<td width=\"298\"><strong><em>Oblicza epok. NOWA EDYCJA. Wydanie aktualne 2025. J\u0119zyk polski. Liceum i technikum. Klasa I, cz. 1i 2<\/em><\/strong><\/p>\n<p><strong>Zakres podstawowy i rozszerzony<\/strong><\/td>\n<td width=\"180\">D. Chemperek<\/p>\n<p>A. Kalbarczyk<\/p>\n<p>D. Trze\u015bniowski<\/td>\n<td width=\"161\">WSiP<\/td>\n<td width=\"142\">952\/1\/2022\/z1<\/p>\n<p>&nbsp;<\/p>\n<p>952\/2\/2022\/z1<\/td>\n<\/tr>\n<tr>\n<td width=\"153\">J\u0119zyk angielski<\/td>\n<td width=\"298\"><strong><em>New Password &nbsp;A2+B1. Zakres rozszerzony<\/em><\/strong><\/p>\n<p><strong><em>+ zeszyt \u0107wicze\u0144<\/em><\/strong><\/td>\n<td width=\"180\">Marta Rosi\u0144ska<\/p>\n<p>Lynda Edwards<\/td>\n<td width=\"161\">Macmillan<\/td>\n<td width=\"142\">1131\/1\/2022<\/td>\n<\/tr>\n<tr>\n<td width=\"153\">J\u0119zyk rosyjski<\/td>\n<td width=\"298\"><strong><em>Nowyj kak raz&nbsp; cz. 1. Podr\u0119cznik dla liceum i technikum +zeszyt \u0107wicze\u0144<\/em><\/strong><\/td>\n<td width=\"180\">Olga Tatarchyk<\/td>\n<td width=\"161\">WSiP<\/td>\n<td width=\"142\">1134\/1\/2022<\/td>\n<\/tr>\n<tr>\n<td width=\"153\">Historia<\/td>\n<td width=\"298\"><strong><em>Pozna\u0107 przesz\u0142o\u015b\u0107 1. Podr\u0119cznik do historii. Zakres podstawowy. Edycja 2024<\/em><\/strong><\/td>\n<td width=\"180\">Marcin Pawlak<\/p>\n<p>Adam Szweda<\/td>\n<td width=\"161\">Nowa Era<\/td>\n<td width=\"142\">1150\/1\/2022<\/td>\n<\/tr>\n<tr>\n<td width=\"153\">Geografia<\/td>\n<td width=\"298\"><strong><em>Nowe oblicza geografii&nbsp; 1\u2013 podr\u0119cznik dla liceum i technikum. Zakres podstawowy. Edycja 2024<\/em><\/strong><\/td>\n<td width=\"180\">Roman Malarz<\/td>\n<td width=\"161\">Nowa Era<\/td>\n<td width=\"142\">1212\/1\/2024<\/td>\n<\/tr>\n<tr>\n<td width=\"153\">Biologia<\/p>\n<p>&nbsp;<\/p>\n<p>&nbsp;<\/td>\n<td width=\"298\"><strong><em>Nowa biologia na czasie 1. Podr\u0119cznik dla liceum i technikum. Zakres<\/em><\/strong> <strong><em>rozszerzony. Edycja 2024<\/em><\/strong><\/td>\n<td width=\"180\">M. Guzik, R. Kozik, R. Matuszewska, W. Zamachowski<\/td>\n<td width=\"161\">Nowa Era<\/td>\n<td width=\"142\">1225\/1\/2024<\/td>\n<\/tr>\n<tr>\n<td width=\"153\">Chemia<\/td>\n<td width=\"298\"><strong><em>Nowa To jest chemia cz. 1. Chemia og\u00f3lna i nieorganiczna.&nbsp; Zakres podstawowy<\/em><\/strong><\/td>\n<td width=\"180\">R. Hassa, A. Mrzigod<\/td>\n<td width=\"161\">Nowa Era<\/td>\n<td width=\"142\">1222\/1\/2024<\/td>\n<\/tr>\n<tr>\n<td width=\"153\">Fizyka<\/td>\n<td width=\"298\"><strong><em>Nowe Odkry\u0107 fizyk\u0119. Podr\u0119cznik dla klasy 1 liceum i technikum. Zakres podstawowy. Edycja 2024<\/em><\/strong><\/td>\n<td width=\"180\">M. Braun<\/p>\n<p>W. \u015aliwa<\/td>\n<td width=\"161\">Nowa Era<\/td>\n<td width=\"142\">1224\/1\/2024<\/td>\n<\/tr>\n<tr>\n<td width=\"153\">Matematyka<\/td>\n<td width=\"298\"><strong><em>Matematyka 1 . podr\u0119cznik do matematyki dla liceum i technikum. Zakres podstawowy. Edycja 2024<\/em><\/strong><\/td>\n<td width=\"180\">W.&nbsp; Babia\u0144ski, L. Cha\u0144ko, K. Wej<\/td>\n<td width=\"161\">Nowa Era<\/td>\n<td width=\"142\">988\/1\/2024<\/td>\n<\/tr>\n<tr>\n<td width=\"153\">Biznes i zarz\u0105dzanie<\/td>\n<td width=\"298\"><strong>Krok w biznes i zarz\u0105dzanie cz. 1. Zakres podstawowy. Podr\u0119cznik dla liceum i technikum<\/strong><\/td>\n<td width=\"180\">Z. Makie\u0142a<\/p>\n<p>T. Rachwa\u0142<\/td>\n<td width=\"161\">Nowa Era<\/td>\n<td width=\"142\">1196\/1\/2023<\/td>\n<\/tr>\n<tr>\n<td width=\"153\">Edukacja&nbsp; dla bezpiecze\u0144stwa<\/td>\n<td width=\"298\"><strong><em>\u017byj\u0119 i dzia\u0142am bezpiecznie. Edycja 2024. Podr\u0119cznik do edukacji dla bezpiecze\u0144stwa\/ liceum i technikum<\/em><\/strong><\/td>\n<td width=\"180\">Jaros\u0142aw S\u0142oma<\/td>\n<td width=\"161\">Nowa Era<\/td>\n<td width=\"142\">1189\/2023<\/td>\n<\/tr>\n<tr>\n<td width=\"153\">Informatyka<\/td>\n<td width=\"298\"><strong><em>Informatyka \u2013 podr\u0119cznik \u2013 klasa 1<\/em><\/strong><\/p>\n<p><strong><em>Zakres podstawowy<\/em><\/strong><\/td>\n<td width=\"180\">&nbsp;<\/p>\n<p>W. Hermanowski<\/td>\n<td width=\"161\">OPERON<\/td>\n<td width=\"142\">1052\/1\/2019<\/td>\n<\/tr>\n<tr>\n<td width=\"153\">Muzyka<\/td>\n<td width=\"298\"><strong><em>Muzyka. Podr\u0119cznik dla szk\u00f3\u0142 ponadpodstawowych<\/em><\/strong><\/td>\n<td width=\"180\">M. Rykowska,<\/p>\n<p>Z. Sza\u0142ko<\/td>\n<td width=\"161\">OPERON<\/td>\n<td width=\"142\">1060\/2019<\/td>\n<\/tr>\n<tr>\n<td width=\"153\">Religia<\/td>\n<td width=\"298\"><strong><em>W poszukiwaniu wolno\u015bci<\/em><\/strong><\/p>\n<p><strong><em>&nbsp;<\/em><\/strong><\/td>\n<td width=\"180\">red. ks. M. Zaj\u0105c<\/td>\n<td width=\"161\">Gaudium<\/td>\n<td width=\"142\">AZ \u2013 LO \u2013 1\/20<\/td>\n<\/tr>\n<tr>\n<td colspan=\"5\" width=\"933\">&nbsp; &nbsp; &nbsp;<\/p>\n<p style=\"text-align: center;\">KLASA II<\/p>\n<\/td>\n<\/tr>\n<tr>\n<td width=\"153\">J\u0119zyk polski<\/td>\n<td width=\"298\"><strong><em>Oblicza epok. NOWA EDYCJA. Wydanie aktualne 2025. J\u0119zyk polski, podr\u0119cznik- klasa II, cz. 1i 2 <\/em><\/strong><\/p>\n<p><strong>&nbsp;<\/strong><\/p>\n<p>&nbsp;<\/td>\n<td width=\"180\">D. Chemperek,<\/p>\n<p>A. Kalbarczyk, D. Trze\u015bniowski<\/td>\n<td width=\"161\">WSiP<\/td>\n<td width=\"142\">952\/4\/2024\/z1<\/td>\n<\/tr>\n<tr>\n<td width=\"153\">J\u0119zyk angielski<\/td>\n<td width=\"298\"><strong><em>New Password B1 + ( podr\u0119cznik )<\/em><\/strong><\/p>\n<p><strong><em>+ ZESZYT&nbsp; \u0106WICZE\u0143<\/em><\/strong><\/td>\n<td width=\"180\">M. Rosi\u0144ska<\/p>\n<p>L. Edwards<\/td>\n<td width=\"161\">Macmillan<\/td>\n<td width=\"142\">1131\/2\/2022<\/td>\n<\/tr>\n<tr>\n<td width=\"153\">J\u0119zyk rosyjski<\/td>\n<td width=\"298\"><strong><em>Nowyj kak raz 2. Podr\u0119cznik dla liceum i technikum+ ZESZYT \u0106WICZE\u0143<\/em><\/strong><\/td>\n<td width=\"180\">O. Tatarchyk<\/td>\n<td width=\"161\">WSiP<\/td>\n<td width=\"142\">1150\/2\/2023<\/td>\n<\/tr>\n<tr>\n<td width=\"153\">Historia<\/td>\n<td width=\"298\"><strong>Pozna\u0107 przesz\u0142o\u015b\u0107 2. Podr\u0119cznik do historii dla liceum og\u00f3lnokszta\u0142c\u0105cego i technikum. Zakres podstawowy. Edycja 2024<\/strong><\/td>\n<td width=\"180\">A. Kucharski<\/p>\n<p>A. Niew\u0119g\u0142owska<\/p>\n<p>A. \u0141aszkiewicz<\/td>\n<td width=\"161\">Nowa Era<\/td>\n<td width=\"142\">1150\/2\/2023<\/td>\n<\/tr>\n<tr>\n<td width=\"153\">Edukacja obywatelska<\/td>\n<td width=\"298\"><strong>Masz wp\u0142yw. Cz. 1<\/strong><\/td>\n<td width=\"180\">S. Drelich<\/p>\n<p>M. Tragarz<\/p>\n<p>S. \u017bmijewska-Kwir\u0119g<\/p>\n<p>M. Wojcieszek<\/p>\n<p>R. Flis<\/p>\n<p>&nbsp;<\/td>\n<td width=\"161\">&nbsp;<\/td>\n<td width=\"142\">1236\/1\/2025<\/td>\n<\/tr>\n<tr>\n<td width=\"153\">Geografia<\/td>\n<td width=\"298\"><strong><em>Nowe Oblicza geografii <\/em><\/strong><strong>\u2013 2<\/strong> <strong><em>\u2013 podr\u0119cznik dla liceum i technikum. Zakres podstawowy. Edycja 2024<\/em><\/strong><\/td>\n<td width=\"180\">T. Rachwa\u0142,<\/p>\n<p>R. Uliszek, K. Wiedermann, P. Kroh<\/p>\n<p>&nbsp;<\/td>\n<td width=\"161\">Nowa Era<\/td>\n<td width=\"142\">1212\/2\/2025<\/td>\n<\/tr>\n<tr>\n<td width=\"153\">Biologia<\/td>\n<td width=\"298\"><strong><em>Biologia na czasie 2. Podr\u0119cznik dla liceum og\u00f3lnokszta\u0142c\u0105cego i technikum. Zakres rozszerzony<\/em><\/strong><strong>.<\/strong><\/td>\n<td width=\"180\"><strong>M. Guzik, R. Kozik, R. Matuszewska, W. Zamachowski<\/strong><\/td>\n<td width=\"161\"><strong>Nowa Era<\/strong><\/td>\n<td width=\"142\"><strong>1010\/2\/2020<\/strong><\/td>\n<\/tr>\n<tr>\n<td width=\"153\">Chemia<\/td>\n<td width=\"298\"><strong><em>To jest chemia 1. Chemia og\u00f3lna i nieorganiczna. Zakres podstawowy<\/em><\/strong><\/p>\n<p><strong><em>&nbsp;<\/em><\/strong><\/p>\n<p><strong><em>To jest chemia 2. Chemia organiczna. Podr\u0119cznik dla liceum og\u00f3lnokszta\u0142c\u0105cego i technikum. Zakres&nbsp; podstawowy. <\/em><\/strong><\/td>\n<td width=\"180\">R. Hassa, A. Mrzigod, J. Mrzigod<\/td>\n<td width=\"161\">Nowa Era<\/td>\n<td width=\"142\">1222\/1\/2024<\/p>\n<p>&nbsp;<\/p>\n<p>&nbsp;<\/p>\n<p>1222\/2\/2025<\/td>\n<\/tr>\n<tr>\n<td width=\"153\">Fizyka<\/td>\n<td width=\"298\"><strong><em>Odkry\u0107 fizyk\u0119 \u2013 klasa 2. Podr\u0119cznik do fizyki dla liceum og\u00f3lnokszta\u0142c\u0105cego i technikum. Zakres podstawowy<\/em><\/strong><\/td>\n<td width=\"180\">M. Braun, W. \u015aliwa<\/td>\n<td width=\"161\">Nowa Era<\/td>\n<td width=\"142\">1001\/2\/ 2020<\/td>\n<\/tr>\n<tr>\n<td width=\"153\">Matematyka<\/td>\n<td width=\"298\"><strong><em>Matematyka 2. Podr\u0119cznik dla liceum og\u00f3lnokszta\u0142c\u0105cego i technikum. Zakres&nbsp; podstawowy<\/em><\/strong><\/td>\n<td width=\"180\">W. Babia\u0144ski,<\/p>\n<p>L. Cha\u0144ko,<\/p>\n<p>&nbsp;J. Czarnowska,<\/p>\n<p>G. Janocha<\/td>\n<td width=\"161\">Nowa Era<\/td>\n<td width=\"142\">971\/2\/2020<\/td>\n<\/tr>\n<tr>\n<td width=\"153\">Biznes i zarz\u0105dzanie<\/td>\n<td width=\"298\"><strong><em>Krok w biznes i zarz\u0105dzanie, klasa 2 . Zakres podstawowy<\/em><\/strong><\/td>\n<td width=\"180\">Z. Makie\u0142a,<\/p>\n<p>T. Rachwa\u0142<\/td>\n<td width=\"161\">Nowa Era<\/p>\n<p>&nbsp;<\/p>\n<p>&nbsp;<\/td>\n<td width=\"142\">1193\/2\/2024<\/td>\n<\/tr>\n<tr>\n<td width=\"153\">Informatyka<\/td>\n<td width=\"298\"><strong><em>Informatyka \u2013 podr\u0119cznik, klasa 2 Zakres podstawowy<\/em><\/strong><\/td>\n<td width=\"180\">&nbsp;<\/p>\n<p>W. Hermanowski<\/td>\n<td width=\"161\">OPERON<\/p>\n<p>&nbsp;<\/p>\n<p>&nbsp;<\/td>\n<td width=\"142\">1052\/2\/2020<\/td>\n<\/tr>\n<tr>\n<td width=\"153\">Religia<\/td>\n<td width=\"298\"><strong><em>W poszukiwaniu dojrza\u0142ej wiary<\/em><\/strong><\/td>\n<td width=\"180\">Red. ks. P. M\u0105kosa<\/td>\n<td width=\"161\">Gaudium<\/td>\n<td width=\"142\">AZ \u2013 32 -01\/18- LU-3\/20<\/p>\n<p>&nbsp;<\/p>\n<p>&nbsp;<\/td>\n<\/tr>\n<tr>\n<td colspan=\"5\" width=\"933\">\n<p style=\"text-align: center;\"><strong>KLASA III<\/strong><\/p>\n<\/td>\n<\/tr>\n<tr>\n<td width=\"153\">J\u0119zyk polski<\/td>\n<td width=\"298\"><strong><em>Oblicza epok. NOWA EDYCJA. Wydanie aktualne 2025. J\u0119zyk polski, kl. III, cz. 3.1, 3.2 ( dwie cz\u0119\u015bci)<\/em><\/strong><\/td>\n<td width=\"180\">D. Chemperek,<\/p>\n<p>U Kalbarczyk<\/p>\n<p>Trze\u015bniowski<\/p>\n<p>&nbsp;<\/td>\n<td width=\"161\">&nbsp;&nbsp;<\/p>\n<p>952\/5\/2024\/z1<\/p>\n<p>952\/6\/2024\/z1<\/td>\n<td width=\"142\">WSiP<\/td>\n<\/tr>\n<tr>\n<td width=\"153\">J\u0119zyk angielski<\/td>\n<td width=\"298\"><strong><em>New Passoword B2+zeszyt \u0107wicze\u0144<\/em><\/strong><\/td>\n<td width=\"180\">M. Rosi\u0144ska<\/p>\n<p>L. Edwards<\/p>\n<p>G. J. Manin<\/td>\n<td width=\"161\">1131\/3\/2022<\/td>\n<td width=\"142\">Macmillan<\/td>\n<\/tr>\n<tr>\n<td width=\"153\">J\u0119zyk&nbsp; rosyjski<\/td>\n<td width=\"298\"><strong><em>Nowyj&nbsp; Kak raz 3 . Podr\u0119cznik dla liceum technikum +\u0106wiczenia<\/em><\/strong><\/td>\n<td width=\"180\">O. Totarczyk<\/td>\n<td width=\"161\">&nbsp;<\/td>\n<td width=\"142\">WSiP<\/td>\n<\/tr>\n<tr>\n<td width=\"153\">Historia<\/td>\n<td width=\"298\"><strong><em>Pozna\u0107 przesz\u0142o\u015b\u0107 3. Podr\u0119cznik dla liceum i technikum \u2013 zakres podstawowy. Edycja 2024<\/em><\/strong><\/td>\n<td width=\"180\">J.&nbsp; K\u0142aczkowski<\/p>\n<p>A. \u0141aszkiewicz<\/p>\n<p>S. Roszak<\/td>\n<td width=\"161\">1150\/3\/2024<\/td>\n<td width=\"142\">Nowa Era<\/td>\n<\/tr>\n<tr>\n<td width=\"153\">Geografia<\/td>\n<td width=\"298\"><strong><em>Oblicza geografii&nbsp; 3. Podr\u0119cznik dla liceum i technikum. Zakres podstawowy. Edycja 2024<\/em><\/strong><\/p>\n<p><strong><em>&nbsp;<\/em><\/strong><\/td>\n<td width=\"180\">Cz. Adamiak<\/p>\n<p>A. Dubownik<\/p>\n<p>M. \u015awitoniak<\/p>\n<p>M. Nowak<\/p>\n<p>B. Szyda<\/td>\n<td width=\"161\">983\/3\/2021<\/td>\n<td width=\"142\">Nowa Era<\/td>\n<\/tr>\n<tr>\n<td width=\"153\">Biologia<\/p>\n<p>&nbsp;<\/td>\n<td width=\"298\"><strong><em>Biologia na czasie 3. Podr\u0119cznik dla liceum og\u00f3lnokszta\u0142c\u0105cego i technikum. Zakres rozszerzony. Edycja 2024<\/em><\/strong><\/td>\n<td width=\"180\">F. Dubert<\/p>\n<p>M. Guzik<\/p>\n<p>A. Helmin<\/td>\n<td width=\"161\">1010\/3\/2021<\/td>\n<td width=\"142\">Nowa Era<\/p>\n<p>&nbsp;<\/p>\n<p>&nbsp;<\/p>\n<p>&nbsp;<\/td>\n<\/tr>\n<tr>\n<td width=\"153\">Chemia<\/td>\n<td width=\"298\"><strong><em>To jest chemia 2. Chemia organiczna. Podr\u0119cznik dla liceum. Zakres podstawowy<\/em><\/strong><\/td>\n<td width=\"180\">Praca zbiorowa<\/p>\n<p>&nbsp;<\/td>\n<td width=\"161\">1222\/2\/2025<\/td>\n<td width=\"142\">Nowa Era<\/td>\n<\/tr>\n<tr>\n<td width=\"153\">Fizyka<\/p>\n<p>&nbsp;<\/td>\n<td width=\"298\"><strong><em>Odkry\u0107 fizyk\u0119 3. Zakres podstawowy<\/em><\/strong><\/td>\n<td width=\"180\">M. Braun<\/p>\n<p>W. \u015aliwa<\/td>\n<td width=\"161\">1001\/3\/2021<\/td>\n<td width=\"142\">Nowa Era<\/td>\n<\/tr>\n<tr>\n<td width=\"153\">Matematyka<\/td>\n<td width=\"298\"><strong><em>Matematyka 3. Zakres podstawowy. Podr\u0119cznik dla liceum i technikum<\/em><\/strong><\/td>\n<td width=\"180\">W. Babia\u0144ski<\/p>\n<p>L. Cha\u0144ko<\/p>\n<p>J. Czarnowska<\/td>\n<td width=\"161\">971\/3\/2021<\/td>\n<td width=\"142\">Nowa Era<\/td>\n<\/tr>\n<tr>\n<td width=\"153\">Informatyka<\/td>\n<td width=\"298\"><strong><em>Informatyka 3. Zakres podstawowy<\/em><\/strong><\/td>\n<td width=\"180\">W. Hermanowski<\/td>\n<td width=\"161\">1052\/ 3\/2021<\/td>\n<td width=\"142\">Operon<\/td>\n<\/tr>\n<tr>\n<td width=\"153\">Religia<\/td>\n<td width=\"298\"><strong><em>W poszukiwaniu nadziei<\/em><\/strong><\/td>\n<td width=\"180\">ks. Marian Zaj\u0105c<\/td>\n<td width=\"161\">AZ-33-01\/18-LU-15\/22<\/td>\n<td width=\"142\">Gaudium<\/td>\n<\/tr>\n<tr>\n<td colspan=\"5\" width=\"933\">&nbsp;<\/p>\n<p style=\"text-align: center;\"><strong>KLASA&nbsp; IV<\/strong><\/p>\n<\/td>\n<\/tr>\n<tr>\n<td width=\"153\">J\u0119zyk polski<\/td>\n<td width=\"298\"><strong><em>Oblicza epok. NOWA EDYCJA. Wydanie aktualne 2025. J\u0119zyk polski. Liceum i technikum, klasa 4<\/em><\/strong><\/td>\n<td width=\"180\">D. Chemperek<\/p>\n<p>A. Kalbarczyk<\/p>\n<p>D. Trze\u015bniowski<\/td>\n<td width=\"161\">WSiP<\/td>\n<td width=\"142\">952\/7\/2025\/z1<\/td>\n<\/tr>\n<tr>\n<td width=\"153\">J\u0119zyk angielski<\/td>\n<td width=\"298\"><strong><em>Repetytorium \u2013 podr\u0119cznik do szk\u00f3\u0142 ponadpodstawowych&nbsp; ( poziom podstawowy i rozszerzony )<\/em><\/strong><\/td>\n<td width=\"180\">M. Rosi\u0144ska<\/p>\n<p>L. Edwards<\/p>\n<p>M.&nbsp; Cichmi\u0144ska<\/td>\n<td width=\"161\">Macmillan<\/td>\n<td width=\"142\">1139\/2022<\/td>\n<\/tr>\n<tr>\n<td width=\"153\">J\u0119zyk rosyjski<\/td>\n<td width=\"298\"><strong><em>Kak raz 4. Podr\u0119cznik dla liceum i technikum + \u0106wiczenia<\/em><\/strong><\/td>\n<td width=\"180\">O. Tatarchyk<\/td>\n<td width=\"161\">WSiP<\/td>\n<td width=\"142\">966\/4\/2022<\/td>\n<\/tr>\n<tr>\n<td width=\"153\">Historia<\/td>\n<td width=\"298\"><strong><em>Pozna\u0107&nbsp; przesz\u0142o\u015b\u0107. Podr\u0119cznik historii do liceum og\u00f3lnokszta\u0142c\u0105cego i technikum. Zakres podstawowy. Edycja 2024<\/em><\/strong><\/td>\n<td width=\"180\">J. K\u0142aczkow<\/p>\n<p>S. Roszak<\/td>\n<td width=\"161\">&nbsp;<\/p>\n<p>Nowa Era<\/td>\n<td width=\"142\">624\/4\/2025<\/td>\n<\/tr>\n<tr>\n<td width=\"153\">&nbsp;<\/p>\n<p>Biologia&nbsp;&nbsp;&nbsp;&nbsp;&nbsp;&nbsp;&nbsp;&nbsp;&nbsp;&nbsp;&nbsp;&nbsp;&nbsp;&nbsp;&nbsp;<\/td>\n<td width=\"298\"><strong><em>Biologia na czasie 4<\/em><\/strong><\/p>\n<p><strong><em>Podr\u0119cznik dla liceum og\u00f3lnokszta\u0142c\u0105cego i technikum. Zakres rozszerzony<\/em><\/strong><\/td>\n<td width=\"180\">F. Dubert<\/p>\n<p>M. Jurgowiak<\/p>\n<p>W. Zamachowski<\/td>\n<td width=\"161\">&nbsp;<\/p>\n<p>Nowa Era<\/td>\n<td width=\"142\">1010\/4\/2022<\/td>\n<\/tr>\n<tr>\n<td width=\"153\">&nbsp;<\/p>\n<p>Matematyka<\/td>\n<td width=\"298\"><strong><em>Matematyka 4<\/em><\/strong><\/p>\n<p><strong><em>Podr\u0119cznik do matematyki dla liceum og\u00f3lnokszta\u0142c\u0105cego i technikum. Zakres podstawowy<\/em><\/strong><\/td>\n<td width=\"180\">W. Babia\u0144ski<\/p>\n<p>L. Cha\u0144ko<\/p>\n<p>J. Czarnowska<\/p>\n<p>J. Weso\u0142owska<\/td>\n<td width=\"161\">&nbsp;<\/p>\n<p>Nowa Era<\/td>\n<td width=\"142\">&nbsp;<\/p>\n<p>971\/4\/2022<\/td>\n<\/tr>\n<tr>\n<td width=\"153\">&nbsp;Religia<\/p>\n<p>&nbsp;<\/td>\n<td width=\"298\"><strong><em>W poszukiwaniu mi\u0142o\u015bci<\/em><\/strong><\/td>\n<td width=\"180\">Ks. Pawe\u0142 M\u0105kosa<\/td>\n<td width=\"161\">Gaudium<\/td>\n<td width=\"142\">AZ \u2013 34-01\/18-LU-4\/23<\/td>\n<\/tr>\n<\/tbody>\n<\/table>\n","protected":false},"excerpt":{"rendered":"<p>RADA PEDAGOGICZNA LICEUM OG\u00d3LNOKSZTA\u0141C\u0104CEGO IM. UNII HORODELSKIEJ W HORODLE USTALI\u0141A PO ZAOPINIOWANIU PRZEZ RAD\u0118 RODZIC\u00d3W&nbsp; SZKOLNY ZESTAW PODR\u0118CZNIK\u00d3W NA ROK SZKOLNY 2025\/2026 &nbsp;&nbsp;&nbsp;&nbsp;&nbsp;&nbsp;&nbsp;&nbsp;&nbsp; UWAGA: Uczniowie kupuj\u0105 podr\u0119czniki samodzielnie! ZESTAW PODR\u0118CZNIK\u00d3W DO 4 \u2013 LETNIEGO LICEUM OBOWI\u0104ZUJ\u0104CYCH W ROKU SZKOLNYM 2025\/2026 &hellip; <a href=\"https:\/\/zshorodlo.pl\/?page_id=648\">Czytaj dalej <span class=\"meta-nav\">&rarr;<\/span><\/a><\/p>\n","protected":false},"author":3,"featured_media":0,"parent":33191,"menu_order":1,"comment_status":"closed","ping_status":"open","template":"","meta":{"ngg_post_thumbnail":0,"footnotes":""},"_links":{"self":[{"href":"https:\/\/zshorodlo.pl\/index.php?rest_route=\/wp\/v2\/pages\/648"}],"collection":[{"href":"https:\/\/zshorodlo.pl\/index.php?rest_route=\/wp\/v2\/pages"}],"about":[{"href":"https:\/\/zshorodlo.pl\/index.php?rest_route=\/wp\/v2\/types\/page"}],"author":[{"embeddable":true,"href":"https:\/\/zshorodlo.pl\/index.php?rest_route=\/wp\/v2\/users\/3"}],"replies":[{"embeddable":true,"href":"https:\/\/zshorodlo.pl\/index.php?rest_route=%2Fwp%2Fv2%2Fcomments&post=648"}],"version-history":[{"count":34,"href":"https:\/\/zshorodlo.pl\/index.php?rest_route=\/wp\/v2\/pages\/648\/revisions"}],"predecessor-version":[{"id":40278,"href":"https:\/\/zshorodlo.pl\/index.php?rest_route=\/wp\/v2\/pages\/648\/revisions\/40278"}],"up":[{"embeddable":true,"href":"https:\/\/zshorodlo.pl\/index.php?rest_route=\/wp\/v2\/pages\/33191"}],"wp:attachment":[{"href":"https:\/\/zshorodlo.pl\/index.php?rest_route=%2Fwp%2Fv2%2Fmedia&parent=648"}],"curies":[{"name":"wp","href":"https:\/\/api.w.org\/{rel}","templated":true}]}}