{"id":547,"date":"2013-05-28T11:22:10","date_gmt":"2013-05-28T09:22:10","guid":{"rendered":"http:\/\/zshorodlo.pl\/?page_id=547"},"modified":"2020-03-16T14:26:26","modified_gmt":"2020-03-16T13:26:26","slug":"rekrutacja","status":"publish","type":"page","link":"https:\/\/zshorodlo.pl\/?page_id=547","title":{"rendered":"Rekrutacja"},"content":{"rendered":"<p style=\"text-align: center;\"><strong>Drodzy uczniowie serdecznie zapraszamy do naszej szko\u0142y.<\/strong><\/p>\n<p style=\"text-align: justify;\">Warunki&nbsp;&nbsp; rekrutacji&nbsp;&nbsp; do Szko\u0142y Podstawowej im. Kr\u00f3la W\u0142adys\u0142awa Jagie\u0142\u0142y zar\u00f3wno do oddzia\u0142u przedszkolnego jak i do klasy pierwszej zamieszczone s\u0105 w zak\u0142adce <a href=\"http:\/\/zshorodlo.pl\/?page_id=2308\">Szk\u0142a Podstawowa<\/a><\/p>\n<p>Warunki&nbsp;&nbsp; rekrutacji&nbsp;&nbsp; do&nbsp;Liceum Og\u00f3lnokszta\u0142c\u0105cego im. Unii Horodelskiej zamieszczone s\u0105 w zak\u0142adce <a href=\"http:\/\/zshorodlo.pl\/?page_id=554\">Liceum<\/a>.<\/p>\n<p>&nbsp;<\/p>\n","protected":false},"excerpt":{"rendered":"<p>Drodzy uczniowie serdecznie zapraszamy do naszej szko\u0142y. Warunki&nbsp;&nbsp; rekrutacji&nbsp;&nbsp; do Szko\u0142y Podstawowej im. Kr\u00f3la W\u0142adys\u0142awa Jagie\u0142\u0142y zar\u00f3wno do oddzia\u0142u przedszkolnego jak i do klasy pierwszej zamieszczone s\u0105 w zak\u0142adce Szk\u0142a Podstawowa Warunki&nbsp;&nbsp; rekrutacji&nbsp;&nbsp; do&nbsp;Liceum Og\u00f3lnokszta\u0142c\u0105cego im. Unii Horodelskiej zamieszczone s\u0105 &hellip; <a href=\"https:\/\/zshorodlo.pl\/?page_id=547\">Czytaj dalej <span class=\"meta-nav\">&rarr;<\/span><\/a><\/p>\n","protected":false},"author":3,"featured_media":0,"parent":0,"menu_order":1,"comment_status":"closed","ping_status":"open","template":"","meta":{"ngg_post_thumbnail":0,"footnotes":""},"_links":{"self":[{"href":"https:\/\/zshorodlo.pl\/index.php?rest_route=\/wp\/v2\/pages\/547"}],"collection":[{"href":"https:\/\/zshorodlo.pl\/index.php?rest_route=\/wp\/v2\/pages"}],"about":[{"href":"https:\/\/zshorodlo.pl\/index.php?rest_route=\/wp\/v2\/types\/page"}],"author":[{"embeddable":true,"href":"https:\/\/zshorodlo.pl\/index.php?rest_route=\/wp\/v2\/users\/3"}],"replies":[{"embeddable":true,"href":"https:\/\/zshorodlo.pl\/index.php?rest_route=%2Fwp%2Fv2%2Fcomments&post=547"}],"version-history":[{"count":7,"href":"https:\/\/zshorodlo.pl\/index.php?rest_route=\/wp\/v2\/pages\/547\/revisions"}],"predecessor-version":[{"id":32782,"href":"https:\/\/zshorodlo.pl\/index.php?rest_route=\/wp\/v2\/pages\/547\/revisions\/32782"}],"wp:attachment":[{"href":"https:\/\/zshorodlo.pl\/index.php?rest_route=%2Fwp%2Fv2%2Fmedia&parent=547"}],"curies":[{"name":"wp","href":"https:\/\/api.w.org\/{rel}","templated":true}]}}