{"id":43,"date":"2013-02-25T10:43:13","date_gmt":"2013-02-25T09:43:13","guid":{"rendered":"http:\/\/zshorodlo.pl\/?page_id=43"},"modified":"2024-03-26T09:11:22","modified_gmt":"2024-03-26T08:11:22","slug":"zespol-szkol-w-horodle","status":"publish","type":"page","link":"https:\/\/zshorodlo.pl\/?page_id=43","title":{"rendered":"Zesp\u00f3\u0142 Szk\u00f3\u0142 w Horodle"},"content":{"rendered":"<p><strong><em><span style=\"font-size: 24px;\"><span style=\"font-family: comic sans ms,cursive;\"><a href=\"http:\/\/zshorodlo.pl\/?page_id=45\">SZKO\u0141A PODSTAWOWA im. KR\u00d3LA W\u0141ADYS\u0141AWA JAGIE\u0141\u0141Y<\/a><\/span><\/span><\/em><\/strong><\/p>\n<p><strong><em><span style=\"font-size: 24px;\"><span style=\"font-family: comic sans ms,cursive;\"><a href=\"http:\/\/zshorodlo.pl\/?page_id=47\">GIMNAZJUM PUBLICZNE im. KR\u00d3LOWEJ JADWIGI<\/a><\/span><\/span><\/em><\/strong><\/p>\n<p><strong><em><span style=\"font-size: 24px;\"><span style=\"font-family: comic sans ms,cursive;\"><a href=\"http:\/\/zshorodlo.pl\/?page_id=49\">LICEUM OG\u00d3LNOKSZTA\u0141C\u0104CE im. UNII HORODELSKIEJ<\/a><\/span><\/span><\/em><\/strong><\/p>\n<p><span style=\"font-family: 'comic sans ms', sans-serif; font-size: 18pt;\"><a href=\"http:\/\/zshorodlo.pl\/?attachment_id=35202\" rel=\"attachment wp-att-35202\">RAPORT O STANIE ZAPEWNIENIA DOST\u0118PNO\u015aCI PODMIOTU PUBLICZNEGO ZS<\/a><\/span><\/p>\n","protected":false},"excerpt":{"rendered":"<p>SZKO\u0141A PODSTAWOWA im. KR\u00d3LA W\u0141ADYS\u0141AWA JAGIE\u0141\u0141Y GIMNAZJUM PUBLICZNE im. KR\u00d3LOWEJ JADWIGI LICEUM OG\u00d3LNOKSZTA\u0141C\u0104CE im. UNII HORODELSKIEJ RAPORT O STANIE ZAPEWNIENIA DOST\u0118PNO\u015aCI PODMIOTU PUBLICZNEGO ZS<\/p>\n","protected":false},"author":3,"featured_media":0,"parent":0,"menu_order":3,"comment_status":"open","ping_status":"open","template":"","meta":{"ngg_post_thumbnail":0,"footnotes":""},"_links":{"self":[{"href":"https:\/\/zshorodlo.pl\/index.php?rest_route=\/wp\/v2\/pages\/43"}],"collection":[{"href":"https:\/\/zshorodlo.pl\/index.php?rest_route=\/wp\/v2\/pages"}],"about":[{"href":"https:\/\/zshorodlo.pl\/index.php?rest_route=\/wp\/v2\/types\/page"}],"author":[{"embeddable":true,"href":"https:\/\/zshorodlo.pl\/index.php?rest_route=\/wp\/v2\/users\/3"}],"replies":[{"embeddable":true,"href":"https:\/\/zshorodlo.pl\/index.php?rest_route=%2Fwp%2Fv2%2Fcomments&post=43"}],"version-history":[{"count":4,"href":"https:\/\/zshorodlo.pl\/index.php?rest_route=\/wp\/v2\/pages\/43\/revisions"}],"predecessor-version":[{"id":35204,"href":"https:\/\/zshorodlo.pl\/index.php?rest_route=\/wp\/v2\/pages\/43\/revisions\/35204"}],"wp:attachment":[{"href":"https:\/\/zshorodlo.pl\/index.php?rest_route=%2Fwp%2Fv2%2Fmedia&parent=43"}],"curies":[{"name":"wp","href":"https:\/\/api.w.org\/{rel}","templated":true}]}}