{"id":39730,"date":"2025-03-12T13:44:38","date_gmt":"2025-03-12T12:44:38","guid":{"rendered":"https:\/\/zshorodlo.pl\/?page_id=39730"},"modified":"2026-04-21T10:20:28","modified_gmt":"2026-04-21T08:20:28","slug":"menu","status":"publish","type":"page","link":"https:\/\/zshorodlo.pl\/?page_id=39730","title":{"rendered":"Menu"},"content":{"rendered":"<p align=\"left\"><a href=\"http:\/\/zshorodlo.pl\/wp-content\/uploads\/2025\/03\/Zalacznik_II_do_rozp_1169_2011_alergeny.pdf\">Lista alergen\u00f3w<\/a><\/p>\n<p align=\"left\"><span style=\"font-family: verdana, geneva, sans-serif;\"><strong>\u015aroda 08.04.2026<\/strong><\/span><\/p>\n<p align=\"left\"><span style=\"font-family: verdana, geneva, sans-serif;\">\u25cf zupa broku\u0142owa<br \/>\n\u25cf pieczywo mieszane<br \/>\n\u25cf paluszki rybne (pieczone), ziemniaki, sur\u00f3wka z kapusty bia\u0142ej<br \/>\n\u25cf kompot wieloowocowy<br \/>\n\u25cf chrupki kukurydziane bananowe<\/span><\/p>\n<p align=\"left\"><span style=\"font-family: verdana, geneva, sans-serif;\">Alergeny: 1, 3, 4, 7<\/span><\/p>\n<p align=\"left\"><span style=\"font-family: verdana, geneva, sans-serif;\"><strong>Czwartek 09.04.2026<\/strong><\/span><\/p>\n<p align=\"left\"><span style=\"font-family: verdana, geneva, sans-serif;\">\u25cf zupa literkowa<br \/>\n\u25cf pieczywo mieszane<br \/>\n\u25cf kotlet mielony (sma\u017cony), ziemniaki<br \/>\n\u25cf herbata z cytryn\u0105<br \/>\n\u25cf jab\u0142ko<\/span><\/p>\n<p align=\"left\"><span style=\"font-family: verdana, geneva, sans-serif;\">Alergeny: 1, 3, 7, 9<\/span><\/p>\n<p align=\"left\"><span style=\"font-family: verdana, geneva, sans-serif;\"><strong>Pi\u0105tek 10.04.2026<\/strong><\/span><\/p>\n<p align=\"left\"><span style=\"font-family: verdana, geneva, sans-serif;\">\u25cf zupa szczawiowa z jajkiem<br \/>\n\u25cf pieczywo mieszane<br \/>\n\u25cf makaron z truskawkami<br \/>\n\u25cf lemoniada<\/span><\/p>\n<p align=\"left\"><span style=\"font-family: verdana, geneva, sans-serif;\">Alergeny: 1, 3, 7, 9<\/span><\/p>\n<p align=\"left\"><span style=\"font-family: verdana, geneva, sans-serif;\"><strong>Poniedzia\u0142ek 13.04.2026&nbsp;<\/strong><\/span><\/p>\n<p><span style=\"font-family: verdana, geneva, sans-serif;\">\u25cf zupa babuni<\/span><br \/>\n<span style=\"font-family: verdana, geneva, sans-serif;\">\u25cf pieczywo mieszane<\/span><br \/>\n<span style=\"font-family: verdana, geneva, sans-serif;\">\u25cf makaron z broku\u0142em<\/span><br \/>\n<span style=\"font-family: verdana, geneva, sans-serif;\">\u25cf kompot wieloowocowy<\/span><\/p>\n<p><span style=\"font-family: verdana, geneva, sans-serif;\">Alergeny: 1, 3, 7<\/span><\/p>\n<p align=\"left\"><span style=\"font-family: verdana, geneva, sans-serif;\"><strong>Wtorek 14.04.2026<\/strong><\/span><\/p>\n<p><span style=\"font-family: verdana, geneva, sans-serif;\">\u25cf zupa fasolowa<\/span><br \/>\n<span style=\"font-family: verdana, geneva, sans-serif;\">\u25cf pieczywo mieszane<\/span><br \/>\n<span style=\"font-family: verdana, geneva, sans-serif;\">\u25cf <span style=\"font-size: small;\">spaghetti<br \/>\n<\/span>\u25cf galaretka do picia<\/span><\/p>\n<p><span style=\"font-family: verdana, geneva, sans-serif;\">Alergeny: 1, 3, 7, 9<\/span><\/p>\n<p align=\"left\"><span style=\"font-family: verdana, geneva, sans-serif;\"><strong>\u015aroda 15.04.2026<\/strong><\/span><\/p>\n<p align=\"left\"><span style=\"font-family: verdana, geneva, sans-serif;\">\u25cf zupa pieczarkowa<br \/>\n\u25cf pieczywo mieszane<br \/>\n\u25cf mintaj z serem, ziemniaki, sur\u00f3wka&nbsp;<br \/>\n\u25cf lemoniada<\/span><\/p>\n<p align=\"left\"><span style=\"font-family: verdana, geneva, sans-serif;\">Alergeny: 1, 4, 7<\/span><\/p>\n<p align=\"left\"><span style=\"font-family: verdana, geneva, sans-serif;\"><strong>Czwartek 16.04.2026<\/strong><\/span><\/p>\n<p align=\"left\"><span style=\"font-family: verdana, geneva, sans-serif;\">\u25cf zupa ros\u00f3\u0142<br \/>\n\u25cf pieczywo mieszane<br \/>\n\u25cf udko pieczone z ry\u017cem, sur\u00f3wka&nbsp;<br \/>\n\u25cf herbata z cytryn\u0105<\/span><\/p>\n<p align=\"left\"><span style=\"font-family: verdana, geneva, sans-serif;\">Alergeny: 1, 3, 7, 9<\/span><\/p>\n<p align=\"left\"><span style=\"font-family: verdana, geneva, sans-serif;\"><strong>Pi\u0105tek 17.04.2026<\/strong><\/span><\/p>\n<p align=\"left\"><span style=\"font-family: verdana, geneva, sans-serif;\">\u25cf zupa barszcz czerwony<br \/>\n\u25cf pieczywo mieszane<br \/>\n\u25cf nale\u015bniki z serem<br \/>\n\u25cf kakao<\/span><\/p>\n<p align=\"left\"><span style=\"font-family: verdana, geneva, sans-serif;\">Alergeny: 1, 3, 7, 9<\/span><\/p>\n<p align=\"left\"><span style=\"font-family: verdana, geneva, sans-serif;\"><strong>Poniedzia\u0142ek 20.01.2026&nbsp;<\/strong><\/span><\/p>\n<p><span style=\"font-family: verdana, geneva, sans-serif;\">\u25cf zupa pomidorowa<\/span><br \/>\n<span style=\"font-family: verdana, geneva, sans-serif;\">\u25cf pieczywo mieszane<\/span><br \/>\n<span style=\"font-family: verdana, geneva, sans-serif;\">\u25cf jajko po wiede\u0144sku, sur\u00f3wka mizeria z og\u00f3rka<\/span><br \/>\n<span style=\"font-family: verdana, geneva, sans-serif;\">\u25cf galaretka do picia<\/span><\/p>\n<p><span style=\"font-family: verdana, geneva, sans-serif;\">Alergeny: 1, 3, 7<\/span><\/p>\n<p align=\"left\"><span style=\"font-family: verdana, geneva, sans-serif;\"><strong>Wtorek 21.04.2026&nbsp;<\/strong><\/span><\/p>\n<p><span style=\"font-family: verdana, geneva, sans-serif;\">\u25cf zupa grzybowa<\/span><br \/>\n<span style=\"font-family: verdana, geneva, sans-serif;\">\u25cf pieczywo mieszane<\/span><br \/>\n<span style=\"font-family: verdana, geneva, sans-serif;\">\u25cf zapiekanka z kie\u0142bas\u0105<span style=\"font-size: small;\"><br \/>\n<\/span>\u25cf herbata z cytryn\u0105<\/span><\/p>\n<p><span style=\"font-family: verdana, geneva, sans-serif;\">Alergeny: 1, 3, 7, 9<\/span><\/p>\n<p align=\"left\"><span style=\"font-family: verdana, geneva, sans-serif;\"><strong>\u015aroda 22.04.2026<\/strong><\/span><\/p>\n<p align=\"left\"><span style=\"font-family: verdana, geneva, sans-serif;\">\u25cf zupa krupnik<br \/>\n\u25cf pieczywo mieszane<br \/>\n\u25cf paluszki rybna, ziemniaki, sur\u00f3wka<br \/>\n\u25cf kompot wieloowocowy<\/span><\/p>\n<p align=\"left\"><span style=\"font-family: verdana, geneva, sans-serif;\">Alergeny: 1, 4, 7<\/span><\/p>\n<p align=\"left\"><span style=\"font-family: verdana, geneva, sans-serif;\"><strong>Czwartek 23.04.2026<\/strong><\/span><\/p>\n<p align=\"left\"><span style=\"font-family: verdana, geneva, sans-serif;\">\u25cf zupa ry\u017cowa<br \/>\n\u25cf pieczywo mieszane<br \/>\n\u25cf schabowy, ziemniaki, sur\u00f3wka&nbsp;<br \/>\n\u25cf lemoniada<\/span><\/p>\n<p align=\"left\"><span style=\"font-family: verdana, geneva, sans-serif;\">Alergeny: 1, 3, 7, 9<\/span><\/p>\n<p align=\"left\"><span style=\"font-family: verdana, geneva, sans-serif;\"><strong>Pi\u0105tek 24.04.2026<\/strong><\/span><\/p>\n<p align=\"left\"><span style=\"font-family: verdana, geneva, sans-serif;\">\u25cf zupa \u017curek z jajkiem i kie\u0142bas\u0105<br \/>\n\u25cf pieczywo mieszane<br \/>\n\u25cf kopytka&nbsp;<br \/>\n\u25cf galaretka do picia<\/span><\/p>\n<p align=\"left\"><span style=\"font-family: verdana, geneva, sans-serif;\">Alergeny: 1, 3, 7<\/span><\/p>\n<p align=\"left\"><span style=\"font-family: verdana, geneva, sans-serif;\"><strong>Poniedzia\u0142ek 27.04.2026&nbsp;<\/strong><\/span><\/p>\n<p><span style=\"font-family: verdana, geneva, sans-serif;\">\u25cf zupa krem z kalafiorem, grzanki<\/span><br \/>\n<span style=\"font-family: verdana, geneva, sans-serif;\">\u25cf pieczywo mieszane<\/span><br \/>\n<span style=\"font-family: verdana, geneva, sans-serif;\">\u25cf dewolaje, ziemniaki, sur\u00f3wka<\/span><br \/>\n<span style=\"font-family: verdana, geneva, sans-serif;\">\u25cf herbata z cytryn\u0105<\/span><\/p>\n<p><span style=\"font-family: verdana, geneva, sans-serif;\">Alergeny: 1, 3, 7<\/span><\/p>\n<p align=\"left\"><span style=\"font-family: verdana, geneva, sans-serif;\"><strong>Wtorek 28.04.2026&nbsp;<\/strong><\/span><\/p>\n<p><span style=\"font-family: verdana, geneva, sans-serif;\">\u25cf zupa jarzynowa<\/span><br \/>\n<span style=\"font-family: verdana, geneva, sans-serif;\">\u25cf pieczywo mieszane<\/span><br \/>\n<span style=\"font-family: verdana, geneva, sans-serif;\">\u25cf pierogi ruskie<\/span><br \/>\n<span style=\"font-family: verdana, geneva, sans-serif;\">\u25cf kompot wieloowocowy<\/span><\/p>\n<p><span style=\"font-family: verdana, geneva, sans-serif;\">Alergeny: 1, 3, 7, 9<\/span><\/p>\n<p align=\"left\"><span style=\"font-family: verdana, geneva, sans-serif;\"><strong>\u015aroda 29.04.2026<\/strong><\/span><\/p>\n<p align=\"left\"><span style=\"font-family: verdana, geneva, sans-serif;\">\u25cf zupa grzybowa<br \/>\n\u25cf pieczywo mieszane<br \/>\n\u25cf miruna (sma\u017cona), ziemniaki, sur\u00f3wka<br \/>\n\u25cf galaretka do picia<\/span><\/p>\n<p align=\"left\"><span style=\"font-family: verdana, geneva, sans-serif;\">Alergeny: 1, 4, 7<\/span><\/p>\n<p align=\"left\"><span style=\"font-family: verdana, geneva, sans-serif;\"><strong>Czwartek 30.04.2026<\/strong><\/span><\/p>\n<p align=\"left\"><span style=\"font-family: verdana, geneva, sans-serif;\">\u25cf zupa wiosenna<br \/>\n\u25cf pieczywo mieszane<br \/>\n\u25cf kark\u00f3wka (pieczona), ziemniaki, sur\u00f3wka&nbsp;<br \/>\n\u25cf herbata z cytryn\u0105<\/span><\/p>\n<p align=\"left\"><span style=\"font-family: verdana, geneva, sans-serif;\">Alergeny: 1, 3, 7, 9<\/span><\/p>\n<p align=\"left\">&nbsp;<\/p>\n","protected":false},"excerpt":{"rendered":"<p>Lista alergen\u00f3w \u015aroda 08.04.2026 \u25cf zupa broku\u0142owa \u25cf pieczywo mieszane \u25cf paluszki rybne (pieczone), ziemniaki, sur\u00f3wka z kapusty bia\u0142ej \u25cf kompot wieloowocowy \u25cf chrupki kukurydziane bananowe Alergeny: 1, 3, 4, 7 Czwartek 09.04.2026 \u25cf zupa literkowa \u25cf pieczywo mieszane \u25cf &hellip; <a href=\"https:\/\/zshorodlo.pl\/?page_id=39730\">Czytaj dalej <span class=\"meta-nav\">&rarr;<\/span><\/a><\/p>\n","protected":false},"author":3,"featured_media":0,"parent":39724,"menu_order":0,"comment_status":"closed","ping_status":"closed","template":"","meta":{"ngg_post_thumbnail":0,"footnotes":""},"_links":{"self":[{"href":"https:\/\/zshorodlo.pl\/index.php?rest_route=\/wp\/v2\/pages\/39730"}],"collection":[{"href":"https:\/\/zshorodlo.pl\/index.php?rest_route=\/wp\/v2\/pages"}],"about":[{"href":"https:\/\/zshorodlo.pl\/index.php?rest_route=\/wp\/v2\/types\/page"}],"author":[{"embeddable":true,"href":"https:\/\/zshorodlo.pl\/index.php?rest_route=\/wp\/v2\/users\/3"}],"replies":[{"embeddable":true,"href":"https:\/\/zshorodlo.pl\/index.php?rest_route=%2Fwp%2Fv2%2Fcomments&post=39730"}],"version-history":[{"count":24,"href":"https:\/\/zshorodlo.pl\/index.php?rest_route=\/wp\/v2\/pages\/39730\/revisions"}],"predecessor-version":[{"id":40814,"href":"https:\/\/zshorodlo.pl\/index.php?rest_route=\/wp\/v2\/pages\/39730\/revisions\/40814"}],"up":[{"embeddable":true,"href":"https:\/\/zshorodlo.pl\/index.php?rest_route=\/wp\/v2\/pages\/39724"}],"wp:attachment":[{"href":"https:\/\/zshorodlo.pl\/index.php?rest_route=%2Fwp%2Fv2%2Fmedia&parent=39730"}],"curies":[{"name":"wp","href":"https:\/\/api.w.org\/{rel}","templated":true}]}}