{"id":39555,"date":"2024-12-13T12:41:06","date_gmt":"2024-12-13T11:41:06","guid":{"rendered":"https:\/\/zshorodlo.pl\/?page_id=39555"},"modified":"2024-12-13T12:44:35","modified_gmt":"2024-12-13T11:44:35","slug":"standardy-ochrony-maloletnich","status":"publish","type":"page","link":"https:\/\/zshorodlo.pl\/?page_id=39555","title":{"rendered":"Standardy Ochrony Ma\u0142oletnich"},"content":{"rendered":"<p style=\"text-align: left;\"><span style=\"font-size: 24pt;\"><span style=\"font-size: 14pt;\"><a href=\"http:\/\/zshorodlo.pl\/wp-content\/uploads\/2024\/03\/Standardy-Ochrony-Maloletnich.pdf\">STANDARDY OCHRONY MA\u0141OLETNICH<\/a><\/span><br \/>\n<\/span><\/p>\n<p><a href=\"http:\/\/zshorodlo.pl\/wp-content\/uploads\/2024\/03\/Zalacznik-do-Rozdzialu-4-procedury.pdf\">ZA\u0141\u0104CZNIK DO ROZDZIA\u0141U 4 &#8211; procedury<\/a><\/p>\n<p>&nbsp;<\/p>\n<p>&nbsp;<\/p>\n","protected":false},"excerpt":{"rendered":"<p>STANDARDY OCHRONY MA\u0141OLETNICH ZA\u0141\u0104CZNIK DO ROZDZIA\u0141U 4 &#8211; procedury &nbsp; &nbsp;<\/p>\n","protected":false},"author":3,"featured_media":0,"parent":43,"menu_order":0,"comment_status":"closed","ping_status":"closed","template":"","meta":{"ngg_post_thumbnail":0,"footnotes":""},"_links":{"self":[{"href":"https:\/\/zshorodlo.pl\/index.php?rest_route=\/wp\/v2\/pages\/39555"}],"collection":[{"href":"https:\/\/zshorodlo.pl\/index.php?rest_route=\/wp\/v2\/pages"}],"about":[{"href":"https:\/\/zshorodlo.pl\/index.php?rest_route=\/wp\/v2\/types\/page"}],"author":[{"embeddable":true,"href":"https:\/\/zshorodlo.pl\/index.php?rest_route=\/wp\/v2\/users\/3"}],"replies":[{"embeddable":true,"href":"https:\/\/zshorodlo.pl\/index.php?rest_route=%2Fwp%2Fv2%2Fcomments&post=39555"}],"version-history":[{"count":4,"href":"https:\/\/zshorodlo.pl\/index.php?rest_route=\/wp\/v2\/pages\/39555\/revisions"}],"predecessor-version":[{"id":39559,"href":"https:\/\/zshorodlo.pl\/index.php?rest_route=\/wp\/v2\/pages\/39555\/revisions\/39559"}],"up":[{"embeddable":true,"href":"https:\/\/zshorodlo.pl\/index.php?rest_route=\/wp\/v2\/pages\/43"}],"wp:attachment":[{"href":"https:\/\/zshorodlo.pl\/index.php?rest_route=%2Fwp%2Fv2%2Fmedia&parent=39555"}],"curies":[{"name":"wp","href":"https:\/\/api.w.org\/{rel}","templated":true}]}}