{"id":29,"date":"2013-02-25T10:34:54","date_gmt":"2013-02-25T09:34:54","guid":{"rendered":"http:\/\/zshorodlo.pl\/?page_id=29"},"modified":"2018-02-25T16:42:02","modified_gmt":"2018-02-25T15:42:02","slug":"wizja-i-misja-szkoly","status":"publish","type":"page","link":"https:\/\/zshorodlo.pl\/?page_id=29","title":{"rendered":"Wizja i misja Szko\u0142y"},"content":{"rendered":"<div style=\"text-align: center;\"><span style=\"font-family: verdana, geneva, sans-serif;\"><strong>Misja szko\u0142y<\/strong><\/span><\/div>\n<p style=\"text-align: justify;\"><span style=\"font-family: verdana, geneva, sans-serif;\">&nbsp;&nbsp;&nbsp;&nbsp;&nbsp;&nbsp;&nbsp;&nbsp;&nbsp;&nbsp;&nbsp; <em>Ka\u017cdego dnia wsp\u00f3lnie pracujemy na sukces naszych uczni\u00f3w i zadowolenie rodzic\u00f3w, a wska\u017anikiem tego jest ich satysfakcja i presti\u017c naszej szko\u0142y w \u015brodowisku. Priorytetem w naszej szkole jest wysoka efektywno\u015b\u0107 kszta\u0142cenia, przygotowanie do dalszej edukacji, zapewnienie warunk\u00f3w wszechstronnego rozwoju ka\u017cdego ucznia.<\/em><\/span><\/p>\n<p style=\"text-align: center;\"><span style=\"font-family: verdana, geneva, sans-serif;\"><strong>Wizja szko\u0142y<\/strong><\/span><\/p>\n<p style=\"text-align: justify;\"><span style=\"font-family: verdana, geneva, sans-serif;\">Jeste\u015bmy szko\u0142\u0105 nowoczesn\u0105, bezpieczn\u0105 i przyjazn\u0105. Pracujemy jako zesp\u00f3\u0142, szanuj\u0105c <\/span><span style=\"font-family: verdana, geneva, sans-serif;\">i wspieraj\u0105c si\u0119 nawzajem. Uczymy kreatywno\u015bci, z jednoczesnym naciskiem na odpowiedzialno\u015b\u0107 za w\u0142asne decyzje. Jeste\u015bmy otwarci na \u015bwiat i zmiany w nim zachodz\u0105ce, ch\u0119tni do czerpania z jego dorobku naukowego i kulturowego.<\/span><\/p>\n<p style=\"text-align: justify;\"><span style=\"font-family: verdana, geneva, sans-serif;\">&nbsp;&nbsp;&nbsp;&nbsp;&nbsp;&nbsp;&nbsp;&nbsp;&nbsp;&nbsp;&nbsp; Nasza szko\u0142a jest zakorzeniona w tradycji lokalnej i narodowej. Kszta\u0142cimy swoich wychowank\u00f3w w oparciu o szacunek do drugiego cz\u0142owieka, poszanowanie systemu warto\u015bci, dziedzictwa kulturowego i historycznego.<\/span><\/p>\n<p style=\"text-align: justify;\"><span style=\"font-family: verdana, geneva, sans-serif;\">&nbsp;&nbsp;&nbsp;&nbsp;&nbsp;&nbsp;&nbsp;&nbsp;&nbsp;&nbsp;&nbsp; Ka\u017cdy ucze\u0144 w naszej szkole osi\u0105ga sukces na miar\u0119 swoich mo\u017cliwo\u015bci, uczy si\u0119 \u017cy\u0107 <\/span><span style=\"font-family: verdana, geneva, sans-serif;\">w \u015brodowisku i dla \u015brodowiska. Kszta\u0142tujemy w uczniach wra\u017cliwo\u015b\u0107 na dobro, prawd\u0119 i pi\u0119kno. Najwy\u017cszym dobrem jest dla nas ucze\u0144.<\/span><\/p>\n<p style=\"text-align: center;\"><span style=\"font-family: verdana, geneva, sans-serif;\"><strong>Model absolwenta<\/strong><\/span><\/p>\n<p style=\"text-align: justify;\"><span style=\"font-family: verdana, geneva, sans-serif;\">&nbsp;Absolwent Szko\u0142y Podstawowej im. Kr\u00f3la W\u0142adys\u0142awa Jagie\u0142\u0142y w Horodle&nbsp; jest Polakiem umiej\u0105cym \u017cy\u0107 godnie i porusza\u0107 si\u0119 w otaczaj\u0105cym go \u015bwiecie oraz:<br \/>\n1) dobrze funkcjonuje w swoim \u015brodowisku r\u00f3wie\u015bniczym, w szkole i w domu;<br \/>\n2) jest pogodny, pozytywnie nastawiony do otoczenia, jednak nie bezkrytycznie;<br \/>\n3) umiej\u0119tnie komunikuje si\u0119 z innymi, dostosowuje si\u0119 do zachodz\u0105cych zmian, regu\u0142 i zasad, kt\u00f3re wyznaczaj\u0105 kierunek jego dzia\u0142ania;<br \/>\n4) umiej\u0119tnie szuka sposob\u00f3w radzenia sobie z zagro\u017ceniami zwi\u0105zanymi z poszukiwaniem w\u0142asnej to\u017csamo\u015bci oraz wzorc\u00f3w do na\u015bladowania;<br \/>\n5) jest tw\u00f3rczy, kreatywny i zdolny sterowa\u0107 swoim kszta\u0142ceniem w szkole i poza ni\u0105;<br \/>\n6) potrafi nawi\u0105za\u0107 serdeczne kontakty, odnosi si\u0119 z szacunkiem do innych, jest sympatyczny, tolerancyjny, empatyczny i ciekawy \u015bwiata;<br \/>\n7) nauczyciel indywidualizuje prac\u0119 z uczniem na obowi\u0105zkowych i dodatkowych zaj\u0119ciach edukacyjnych poprzez dostosowanie wymaga\u0144 edukacyjnych do indywidualnych potrzeb edukacyjnych uczni\u00f3w;<br \/>\n8) jest otwarty na inne kultury, posiada umiej\u0119tno\u015bci porozumiewania si\u0119 w j\u0119zyku obcym;<br \/>\n9) jest samodzielny, potrafi wsp\u00f3\u0142dzia\u0142a\u0107 w zespole, poszukuje nowych rozwi\u0105za\u0144, wymienia si\u0119 do\u015bwiadczeniami z innymi, potrafi porz\u0105dkowa\u0107 i rozwi\u0105zywa\u0107 problemy;<br \/>\n10) potrafi wsp\u00f3\u0142dzia\u0142a\u0107 z innymi, jest wra\u017cliwy na los potrzebuj\u0105cych, bierze na siebie odpowiedzialno\u015b\u0107 za w\u0142asne \u017cycie i \u017cycie spo\u0142eczne.<\/span><\/p>\n","protected":false},"excerpt":{"rendered":"<p>Misja szko\u0142y &nbsp;&nbsp;&nbsp;&nbsp;&nbsp;&nbsp;&nbsp;&nbsp;&nbsp;&nbsp;&nbsp; Ka\u017cdego dnia wsp\u00f3lnie pracujemy na sukces naszych uczni\u00f3w i zadowolenie rodzic\u00f3w, a wska\u017anikiem tego jest ich satysfakcja i presti\u017c naszej szko\u0142y w \u015brodowisku. Priorytetem w naszej szkole jest wysoka efektywno\u015b\u0107 kszta\u0142cenia, przygotowanie do dalszej edukacji, zapewnienie warunk\u00f3w &hellip; <a href=\"https:\/\/zshorodlo.pl\/?page_id=29\">Czytaj dalej <span class=\"meta-nav\">&rarr;<\/span><\/a><\/p>\n","protected":false},"author":3,"featured_media":0,"parent":43,"menu_order":4,"comment_status":"open","ping_status":"open","template":"","meta":{"ngg_post_thumbnail":0,"footnotes":""},"_links":{"self":[{"href":"https:\/\/zshorodlo.pl\/index.php?rest_route=\/wp\/v2\/pages\/29"}],"collection":[{"href":"https:\/\/zshorodlo.pl\/index.php?rest_route=\/wp\/v2\/pages"}],"about":[{"href":"https:\/\/zshorodlo.pl\/index.php?rest_route=\/wp\/v2\/types\/page"}],"author":[{"embeddable":true,"href":"https:\/\/zshorodlo.pl\/index.php?rest_route=\/wp\/v2\/users\/3"}],"replies":[{"embeddable":true,"href":"https:\/\/zshorodlo.pl\/index.php?rest_route=%2Fwp%2Fv2%2Fcomments&post=29"}],"version-history":[{"count":13,"href":"https:\/\/zshorodlo.pl\/index.php?rest_route=\/wp\/v2\/pages\/29\/revisions"}],"predecessor-version":[{"id":29544,"href":"https:\/\/zshorodlo.pl\/index.php?rest_route=\/wp\/v2\/pages\/29\/revisions\/29544"}],"up":[{"embeddable":true,"href":"https:\/\/zshorodlo.pl\/index.php?rest_route=\/wp\/v2\/pages\/43"}],"wp:attachment":[{"href":"https:\/\/zshorodlo.pl\/index.php?rest_route=%2Fwp%2Fv2%2Fmedia&parent=29"}],"curies":[{"name":"wp","href":"https:\/\/api.w.org\/{rel}","templated":true}]}}