{"id":24406,"date":"2016-09-13T21:18:49","date_gmt":"2016-09-13T19:18:49","guid":{"rendered":"http:\/\/zshorodlo.pl\/?page_id=24406"},"modified":"2024-04-19T11:11:51","modified_gmt":"2024-04-19T09:11:51","slug":"regulamin-korzystania-z-darmowych-podrecznikow","status":"publish","type":"page","link":"https:\/\/zshorodlo.pl\/?page_id=24406","title":{"rendered":"Regulamin korzystania z darmowych podr\u0119cznik\u00f3w"},"content":{"rendered":"<p align=\"center\"><strong>Zesp\u00f3\u0142 Szk\u00f3\u0142 w Horodle<\/strong><\/p>\n<p align=\"center\"><strong>Regulamin korzystania z darmowych podr\u0119cznik\u00f3w, materia\u0142\u00f3w edukacyjnych oraz materia\u0142\u00f3w \u0107wiczeniowych.<\/strong><\/p>\n<p align=\"center\">&nbsp;<\/p>\n<p align=\"center\"><strong>Szkolny regulamin korzystania z darmowych podr\u0119cznik\u00f3w, materia\u0142\u00f3w edukacyjnych oraz materia\u0142\u00f3w \u0107wiczeniowych.<\/strong><\/p>\n<p align=\"center\"><strong>Rozdzia\u0142 I POSTANOWIENIA OG\u00d3LNE<\/strong><\/p>\n<p align=\"center\"><strong>\u00a7 1 Przedmiot Regulaminu<\/strong><\/p>\n<p style=\"text-align: justify;\">1. Niniejszy \u201eRegulamin korzystania z darmowych podr\u0119cznik\u00f3w, materia\u0142\u00f3w edukacyjnych oraz materia\u0142\u00f3w \u0107wiczeniowych.\u201d, zwany dalej \u201eRegulaminem\u201d, reguluje:<\/p>\n<p>a) zasady zwi\u0105zane z wypo\u017cyczaniem i zapewnieniem Uczniom dost\u0119pu do podr\u0119cznik\u00f3w lub materia\u0142\u00f3w edukacyjnych,<\/p>\n<p>b) tryb przyj\u0119cia podr\u0119cznik\u00f3w na stan Szko\u0142y,<\/p>\n<p>c) post\u0119powanie w przypadku zagubienia lub zniszczenia podr\u0119cznika lub materia\u0142\u00f3w edukacyjnych.<\/p>\n<p>2. Ka\u017cdy ucze\u0144 powinien zaznajomi\u0107 si\u0119 z Regulaminem korzystania z darmowych podr\u0119cznik\u00f3w lub materia\u0142\u00f3w edukacyjnych.<\/p>\n<p>3.&nbsp;&nbsp; Udost\u0119pnianie materia\u0142\u00f3w bibliotecznych podlega rejestracji.<\/p>\n<p align=\"center\"><strong>\u00a7 2 S\u0142owniczek<\/strong><\/p>\n<p><strong>U\u017cyte w Regulaminie terminy oznaczaj\u0105:<\/strong><\/p>\n<p>\u2022 Podr\u0119cznik \u2013 podr\u0119cznik dopuszczony do u\u017cytku szkolnego.<\/p>\n<p style=\"text-align: justify;\">\u2022 Materia\u0142 edukacyjny \u2013 materia\u0142 zast\u0119puj\u0105cy lub uzupe\u0142niaj\u0105cy podr\u0119cznik, umo\u017cliwiaj\u0105cy realizacj\u0119 programu nauczania, maj\u0105cy posta\u0107 papierow\u0105 lub elektroniczn\u0105.<\/p>\n<p>\u2022 Materia\u0142 \u0107wiczeniowy \u2013 materia\u0142 przeznaczony dla uczni\u00f3w s\u0142u\u017c\u0105cy utrwalaniu przez nich wiadomo\u015bci i umiej\u0119tno\u015bci.<\/p>\n<p>\u2022 Dotacja \u2013 dotacja celowa, o kt\u00f3rej mowa w art. 22ae pkt 5 ustawy o systemie o\u015bwiaty (Dz.U. z 2014 r. poz. 811).<\/p>\n<p>\u2022 Rodzic \u2013 rodzic lub opiekun prawny ucznia.<\/p>\n<p>&nbsp;<\/p>\n<p><strong>Rozdzia\u0142 II<\/strong><\/p>\n<p align=\"center\"><strong>ZADANIA BIBLIOTEKI SZKOLNEJ W ZAKRESIE KORZYSTANIA <\/strong><\/p>\n<p align=\"center\"><strong>Z DARMOWYCH PODR\u0118CZNIK\u00d3W LUB MATERIA\u0141\u00d3W EDUKACYJNYCH<\/strong><\/p>\n<p>1. Biblioteka Szkolna gromadzi podr\u0119czniki, materia\u0142y edukacyjne, materia\u0142y<\/p>\n<p>\u0107wiczeniowe i inne materia\u0142y biblioteczne.<\/p>\n<p>2. Biblioteka nieodp\u0142atnie:<\/p>\n<ul>\n<li>wypo\u017cycza uczniom podr\u0119czniki lub materia\u0142y edukacyjne, maj\u0105ce posta\u0107 papierow\u0105, lub<\/li>\n<li>zapewnia uczniom dost\u0119p do podr\u0119cznik\u00f3w lub materia\u0142\u00f3w edukacyjnych, maj\u0105cych posta\u0107 elektroniczn\u0105, lub<\/li>\n<li style=\"text-align: justify;\">przekazuje uczniom materia\u0142y \u0107wiczeniowe bez obowi\u0105zku zwrotu lub je udost\u0119pnia.<\/li>\n<\/ul>\n<p style=\"text-align: justify;\">3. Do\u0142\u0105czona do podr\u0119cznika lub materia\u0142\u00f3w edukacyjnych p\u0142yta CD stanowi integraln\u0105 cz\u0119\u015b\u0107 podr\u0119cznika lub materia\u0142\u00f3w edukacyjnych i nale\u017cy j\u0105 zwr\u00f3ci\u0107 wraz z podr\u0119cznikiem lub materia\u0142em edukacyjnym. Zagubienie p\u0142yty CD skutkuje konieczno\u015bci\u0105 zwrotu koszt\u00f3w ca\u0142ego podr\u0119cznika lub materia\u0142\u00f3w edukacyjnych.<\/p>\n<p><strong>Rozdzia\u0142 III<\/strong><\/p>\n<p style=\"text-align: center;\"><strong>PRZYJ\u0118CIE PODR\u0118CZNIK\u00d3W NA STAN SZKO\u0141Y<\/strong><\/p>\n<p style=\"text-align: justify;\">1. Podr\u0119czniki, materia\u0142y edukacyjne, materia\u0142y \u0107wiczeniowe przekazane Szkole w ramach dotacji zostaj\u0105 przekazane na stan Biblioteki na podstawie stosownego protoko\u0142u przekazania.<\/p>\n<p>2. Podr\u0119czniki, materia\u0142y edukacyjne, materia\u0142y \u0107wiczeniowe i inne materia\u0142y biblioteczne stanowi\u0105 w\u0142asno\u015b\u0107 Szko\u0142y.<\/p>\n<p>3. Podr\u0119czniki, materia\u0142y edukacyjne&nbsp; przekazane Szkole w ramach dotacji winny by\u0107 u\u017cytkowane przez okres minimum 3 lat.<\/p>\n<p><strong>Rozdzia\u0142 IV<\/strong><\/p>\n<p align=\"center\"><strong>UDOST\u0118PNIANIE ZBIOR\u00d3W<\/strong><\/p>\n<p align=\"center\"><strong>\u00a7 1 U\u017cytkownicy Biblioteki podr\u0119cznik\u00f3w szkolnych<\/strong><\/p>\n<p style=\"text-align: justify;\">1. Do wypo\u017cyczania podr\u0119cznik\u00f3w lub materia\u0142\u00f3w edukacyjnych uprawnieni s\u0105 wszyscy uczniowie Szko\u0142y, kt\u00f3rzy rozpocz\u0119li nauk\u0119 w klasie I w roku szkolnym 2014\/2015 lub p\u00f3\u017aniej.<\/p>\n<p style=\"text-align: justify;\">2. U\u017cytkownicy Biblioteki przed rozpocz\u0119ciem korzystania ze zbior\u00f3w podlegaj\u0105 rejestracji na podstawie listy uczni\u00f3w zamieszczonej w dzienniku lekcyjnym.<\/p>\n<p align=\"center\"><strong>\u00a7 2 Okres trwania wypo\u017cyczenia<\/strong><\/p>\n<p style=\"text-align: justify;\">1. Wypo\u017cyczanie odbywa si\u0119: na pocz\u0105tku ka\u017cdego roku szkolnego \u2013 najp\u00f3\u017aniej do dnia 10 wrze\u015bnia, kolejne cz\u0119\u015bci podr\u0119cznik\u00f3w\/materia\u0142\u00f3w w ci\u0105gu 7 dni od dnia dostarczenia podr\u0119cznik\u00f3w\/materia\u0142\u00f3w do biblioteki.<\/p>\n<p>2. Podr\u0119czniki wypo\u017cyczane s\u0105 na okres 10 miesi\u0119cy, termin ich zwrotu mija 20 czerwca danego roku szkolnego.<\/p>\n<p style=\"text-align: justify;\">3. Wypo\u017cyczenie podr\u0119cznika i materia\u0142\u00f3w edukacyjnych mo\u017ce nast\u0105pi\u0107 r\u00f3wnie\u017c w innym terminie, w trakcie danego roku szkolnego.<\/p>\n<p style=\"text-align: justify;\">4. Biblioteka w uzasadnionych okoliczno\u015bciach ma prawo za\u017c\u0105da\u0107 zwrotu wypo\u017cyczonych materia\u0142\u00f3w przed up\u0142ywem ustalonego terminu.<\/p>\n<p align=\"center\"><strong>\u00a7 3 Procedura wypo\u017cyczania podr\u0119cznika<\/strong><\/p>\n<p>1. Podr\u0119czniki lub materia\u0142y edukacyjne b\u0119d\u0105 wypo\u017cyczone uczniom do 10&nbsp; wrze\u015bnia.<\/p>\n<p style=\"text-align: justify;\">2. Bibliotekarz po rejestracji uczni\u00f3w wypo\u017cycza podr\u0119czniki w poszczeg\u00f3lnych klasach podczas zaj\u0119\u0107 edukacyjnych.<\/p>\n<p style=\"text-align: justify;\">3. Je\u015bli podr\u0119cznik sk\u0142ada si\u0119 z kilku cz\u0119\u015bci uczniowie powinni zwr\u00f3ci\u0107 do biblioteki wykorzystan\u0105 cz\u0119\u015b\u0107 przed pobraniem kolejnej. O kolejnych wypo\u017cyczeniach i oddaniu u\u017cytkowanych podr\u0119cznik\u00f3w (materia\u0142\u00f3w edukacyjnych) decyduje wychowawca.<\/p>\n<p style=\"text-align: justify;\">4. Uczniowie, kt\u00f3rych nie b\u0119dzie w szkole w dniu wypo\u017cyczenia\/oddawania podr\u0119cznik\u00f3w, b\u0119d\u0105 zobowi\u0105zani do indywidualnego zg\u0142oszenia si\u0119 do biblioteki szkolnej.<\/p>\n<p style=\"text-align: justify;\">5. Wraz z pobraniem podr\u0119cznik\u00f3w lub materia\u0142\u00f3w edukacyjnych wychowawca klasy ma obowi\u0105zek zapozna\u0107 uczni\u00f3w i rodzic\u00f3w\/prawnych opiekun\u00f3w z Regulaminem korzystania z darmowych podr\u0119cznik\u00f3w i materia\u0142\u00f3w edukacyjnych.<\/p>\n<p style=\"text-align: justify;\">6. Wychowawca ma obowi\u0105zek poinformowa\u0107 rodzica\/opiekuna prawnego, aby przed wypo\u017cyczeniem sprawdzili stan podr\u0119cznika lub materia\u0142\u00f3w edukacyjnych, a ewentualne uszkodzenia natychmiast zg\u0142osi\u0107 wychowawcy.<\/p>\n<p style=\"text-align: justify;\">7. Rodzic\/ prawny opiekun potwierdza podpisem fakt zapoznania si\u0119 z regulaminem i wzi\u0119cie odpowiedzialno\u015bci za wypo\u017cyczony dziecku podr\u0119cznik lub materia\u0142 edukacyjny. \/za\u0142\u0105cznik nr 1\/.<\/p>\n<p align=\"center\"><strong>\u00a7 4 Zmiana Szko\u0142y<\/strong><\/p>\n<p style=\"text-align: justify;\">1. Ucze\u0144, kt\u00f3ry w trakcie roku szkolnego, z powod\u00f3w losowych, rezygnuje z edukacji w Szkole, zobowi\u0105zany jest zwr\u00f3ci\u0107 otrzymany podr\u0119cznik lub materia\u0142y edukacyjne.<\/p>\n<p style=\"text-align: justify;\">1. W przypadku niemo\u017cno\u015bci zwrotu otrzymanego podr\u0119cznika lub materia\u0142\u00f3w edukacyjnych zastosowanie ma rozdzia\u0142 V niniejszego Regulaminu.<\/p>\n<p><strong>Rozdzia\u0142 V<\/strong><\/p>\n<p style=\"text-align: center;\"><strong>ODPOWIEDZIALNO\u015a\u0106 ZA UDOST\u0118PNIANE PODR\u0118CZNIKI<\/strong><\/p>\n<p align=\"center\"><strong>\u00a7 1 Obowi\u0105zki Ucznia zwi\u0105zane z wypo\u017cyczeniem<\/strong><\/p>\n<p>1. Przez ca\u0142y okres u\u017cytkowania podr\u0119cznik\u00f3w Ucze\u0144 zobowi\u0105zany jest do:<\/p>\n<p>a- u\u017cywania podr\u0119cznika zgodnie z jego przeznaczeniem,<\/p>\n<p>&nbsp;b- zachowania troski o jego walor u\u017cytkowy i estetyczny.<\/p>\n<p>2. Ucze\u0144 ma obowi\u0105zek na bie\u017c\u0105co dokonywa\u0107 drobnych napraw czy ewentualnej wymiany ok\u0142adki.<\/p>\n<p>3. Zabrania si\u0119 dokonywania jakichkolwiek wpis\u00f3w i notatek w podr\u0119cznikach.<\/p>\n<p>4. Dopuszcza si\u0119 u\u017cywania o\u0142\u00f3wka w celu zaznaczenia (np. pracy domowej).<\/p>\n<p style=\"text-align: justify;\">5. Wraz z up\u0142ywem terminu zwrotu (koniec roku szkolnego) Ucze\u0144 powinien uporz\u0105dkowa\u0107 podr\u0119czniki, tj. powyciera\u0107 wszystkie wpisy o\u0142\u00f3wka, podklei\u0107, a nast\u0119pnie odda\u0107 do biblioteki szkolnej wszystkie wypo\u017cyczone podr\u0119czniki wraz z ich dodatkowym wyposa\u017ceniem (p\u0142yty, mapy, plansze itp.).<\/p>\n<p align=\"center\"><strong>\u00a7 2 Uszkodzenie lub zniszczenie podr\u0119cznika lub materia\u0142u edukacyjnego<\/strong><\/p>\n<p style=\"text-align: justify;\">1. Przez uszkodzenie podr\u0119cznika lub materia\u0142\u00f3w edukacyjnych rozumie si\u0119 nieumy\u015blne zabrudzenie, poplamienie, zgniecenie lub rozerwanie umo\u017cliwiaj\u0105ce jednak dalsze ich wykorzystywanie.<\/p>\n<p style=\"text-align: justify;\">2. Na \u017c\u0105danie wychowawcy u\u017cytkownik, kt\u00f3ry doprowadzi\u0142 do uszkodzenia materia\u0142\u00f3w bibliotecznych, jest zobowi\u0105zany podr\u0119cznik naprawi\u0107.<\/p>\n<p style=\"text-align: justify;\">3. Przez zniszczenie podr\u0119cznika lub materia\u0142\u00f3w edukacyjnych rozumie si\u0119 umy\u015blne lub spowodowane przez zaniedbanie u\u017cytkownika poplamienie, trwa\u0142e zabrudzenie, porysowanie lub popisanie, po\u0142amanie lub rozerwanie, wyrwanie i zagubienie kartek oraz inne wady fizyczne, kt\u00f3re pomniejszaj\u0105 warto\u015b\u0107 u\u017cytkow\u0105 podr\u0119cznika lub materia\u0142\u00f3w edukacyjnych i uniemo\u017cliwiaj\u0105 pe\u0142ne z nich korzystanie.<\/p>\n<p align=\"center\"><strong>\u00a7 3 Zakres odpowiedzialno\u015bci<\/strong><\/p>\n<p style=\"text-align: justify;\">1. Ucze\u0144 ponosi pe\u0142n\u0105 odpowiedzialno\u015b\u0107 materialn\u0105 za wszelkie uszkodzenia lub zniszczenia wypo\u017cyczonych podr\u0119cznik\u00f3w lub materia\u0142\u00f3w edukacyjnych, nieujawnionych w chwili wypo\u017cyczenia.<\/p>\n<p style=\"text-align: justify;\">&nbsp;2. W przypadku uszkodzenia lub zniszczenia podr\u0119cznika lub materia\u0142u edukacyjnego Szko\u0142a mo\u017ce \u017c\u0105da\u0107 od rodzica\/opiekuna prawnego ucznia zwrotu kosztu podr\u0119cznika\/\u00f3w lub kosztu materia\u0142u edukacyjnego. Kwota ta stanowi doch\u00f3d bud\u017cetu pa\u0144stwa.<\/p>\n<p style=\"text-align: justify;\">3. W przypadku zgubienia podr\u0119cznika\/materia\u0142u edukacyjnego lub jego zniszczenia sporz\u0105dza si\u0119 protok\u00f3\u0142, kt\u00f3ry stanowi za\u0142\u0105cznik nr 2 do niniejszego regulaminu, a rodzic\/opiekun prawny s\u0105 zobowi\u0105zani do zwrotu koszt\u00f3w zakupu nowego podr\u0119cznika. Wp\u0142aty dokonuje si\u0119 w sekretariacie szko\u0142y.<\/p>\n<p style=\"text-align: justify;\">4. W celu uzyskania od rodzic\u00f3w kosztu uszkodzonych lub zniszczonych podr\u0119cznik\u00f3w Szko\u0142a, wysy\u0142a do rodzica\/opiekuna prawnego wezwanie do zap\u0142aty \/za\u0142\u0105cznik nr 3\/.<\/p>\n<p><strong>Rozdzia\u0142 VI <\/strong><\/p>\n<p align=\"center\"><strong>INWENTARYZACJA<\/strong><\/p>\n<p style=\"text-align: justify;\">1. Inwentaryzacja zasob\u00f3w darmowych podr\u0119cznik\u00f3w i materia\u0142\u00f3w edukacyjnych Biblioteki odbywa si\u0119 na zako\u0144czeniu roku szkolnego po ich odbiorze od u\u017cytkownik\u00f3w.<\/p>\n<p style=\"text-align: justify;\">2. Sprawozdanie przedstawiane jest Dyrektorowi Szko\u0142y najp\u00f3\u017aniej do 7 dni po zako\u0144czeniu zaj\u0119\u0107 dydaktycznych celem uzupe\u0142nienia zasob\u00f3w.<\/p>\n<p><strong>Rozdzia\u0142 VII <\/strong><\/p>\n<p align=\"center\"><strong>POSTANOWIENIA KO\u0143COWE<\/strong><\/p>\n<p style=\"text-align: justify;\">1. Uczniowie i rodzice zobowi\u0105zani s\u0105 do zapoznania si\u0119 z tre\u015bci\u0105 niniejszego Regulaminu i stosowania si\u0119 do zawartych w nim postanowie\u0144.<\/p>\n<p style=\"text-align: justify;\">2. Bibliotekarze zobowi\u0105zani s\u0105 do udost\u0119pniania uczniom i rodzicom Regulaminu Biblioteki na ka\u017cde ich \u017cyczenie.<\/p>\n<p style=\"text-align: justify;\">3. Sprawy sporne pomi\u0119dzy nauczycielem, bibliotekarzem a u\u017cytkownikiem biblioteki rozstrzyga Dyrektor Szko\u0142y.<\/p>\n<p>4. Organem uprawnionym do zmiany Regulaminu jest Dyrektor Szko\u0142y.<\/p>\n<p style=\"text-align: justify;\">5. Decyzje w innych kwestiach z zakresu udost\u0119pniania podr\u0119cznik\u00f3w lub materia\u0142\u00f3w edukacyjnych, kt\u00f3re nie zosta\u0142y uj\u0119te w niniejszym Regulaminie, podejmuje Dyrektor Szko\u0142y. 6. Niniejszy Regulamin obowi\u0105zuje od dnia 1 wrze\u015bnia 2014 roku.<\/p>\n<p style=\"text-align: justify;\"><em>Podstawa Prawna: Ustawa z dn. 30 maja 2014 r. o zmianie ustawy o systemie o\u015bwiaty oraz niekt\u00f3rych innych ustaw Dz.U. z 2014r. poz. 811.<\/em><\/p>\n<p align=\"right\">&nbsp;<\/p>\n<p align=\"right\">&nbsp;<\/p>\n<p align=\"right\"><em>Za\u0142\u0105cznik nr 1 do regulaminu korzystania z bezp\u0142atnych podr\u0119cznik\u00f3w, materia\u0142\u00f3w edukacyjnych oraz materia\u0142\u00f3w \u0107wiczeniowych<\/em><\/p>\n<p>Horod\u0142o, dnia&#8230;&#8230;&#8230;&#8230;&#8230;&#8230;<\/p>\n<p><strong>O\u015aWIADCZENIE KLASA I <\/strong><\/p>\n<p style=\"text-align: justify;\">Przyjmuj\u0119 do wiadomo\u015bci postanowienia powy\u017cszego regulaminu. Bior\u0119 na siebie pe\u0142n\u0105 odpowiedzialno\u015b\u0107 finansow\u0105 za wypo\u017cyczone przez c\u00f3rk\u0119\/syna&#8230;&#8230;&#8230;&#8230;&#8230;&#8230;&#8230;&#8230; podr\u0119czniki b\u0119d\u0105ce w\u0142asno\u015bci\u0105 biblioteki zespo\u0142u szk\u00f3\u0142 w Horodle.<\/p>\n<table style=\"width: 500px;\" border=\"1\" cellspacing=\"1\" cellpadding=\"1\">\n<tbody>\n<tr>\n<td><strong>l.p<\/strong><\/td>\n<td><strong>Imi\u0119 nazwisko uczennicy\/uczenia<\/strong><\/td>\n<td><strong>Podpis rodzica\/opiekuna prawnego<\/strong><\/td>\n<td><strong>Uwagi<\/strong><\/td>\n<\/tr>\n<tr>\n<td>1<\/td>\n<td>&nbsp;<\/td>\n<td>&nbsp;<\/td>\n<td>&nbsp;<\/td>\n<\/tr>\n<tr>\n<td>2<\/td>\n<td>&nbsp;<\/td>\n<td>&nbsp;<\/td>\n<td>&nbsp;<\/td>\n<\/tr>\n<tr>\n<td>3<\/td>\n<td>&nbsp;<\/td>\n<td>&nbsp;<\/td>\n<td>&nbsp;<\/td>\n<\/tr>\n<tr>\n<td>4<\/td>\n<td>&nbsp;<\/td>\n<td>&nbsp;<\/td>\n<td>&nbsp;<\/td>\n<\/tr>\n<tr>\n<td>5<\/td>\n<td>&nbsp;<\/td>\n<td>&nbsp;<\/td>\n<td>&nbsp;<\/td>\n<\/tr>\n<tr>\n<td>6<\/td>\n<td>&nbsp;<\/td>\n<td>&nbsp;<\/td>\n<td>&nbsp;<\/td>\n<\/tr>\n<tr>\n<td>7<\/td>\n<td>&nbsp;<\/td>\n<td>&nbsp;<\/td>\n<td>&nbsp;<\/td>\n<\/tr>\n<tr>\n<td>8<\/td>\n<td>&nbsp;<\/td>\n<td>&nbsp;<\/td>\n<td>&nbsp;<\/td>\n<\/tr>\n<tr>\n<td>9<\/td>\n<td>&nbsp;<\/td>\n<td>&nbsp;<\/td>\n<td>&nbsp;<\/td>\n<\/tr>\n<tr>\n<td>10<\/td>\n<td>&nbsp;<\/td>\n<td>&nbsp;<\/td>\n<td>&nbsp;<\/td>\n<\/tr>\n<\/tbody>\n<\/table>\n<p>&nbsp;<\/p>\n<p>&nbsp;<\/p>\n<p align=\"right\">&nbsp;<\/p>\n<p align=\"right\">&nbsp;<\/p>\n<p align=\"right\"><em>Za\u0142\u0105cznik nr 2 do regulaminu korzystania z bezp\u0142atnych podr\u0119cznik\u00f3w, materia\u0142\u00f3w edukacyjnych oraz materia\u0142\u00f3w \u0107wiczeniowych<\/em><\/p>\n<p align=\"right\">&nbsp;<\/p>\n<p>&#8230;&#8230;&#8230;&#8230;&#8230;&#8230;&#8230;&#8230;&#8230;&#8230;&#8230;&#8230;&#8230;&#8230;&#8230;&#8230;&#8230;&#8230;&#8230; Horod\u0142o, &#8230;&#8230;&#8230;&#8230;&#8230;&#8230;&#8230;&#8230;&#8230;..<\/p>\n<p><em>Piecz\u0119\u0107 szko\u0142y<\/em><\/p>\n<p align=\"center\"><strong>Protok\u00f3\u0142 zgubienia podr\u0119cznika\/znacznego zu\u017cycia podr\u0119cznika wykraczaj\u0105cego poza jego zwyk\u0142e u\u017cywanie\/zniszczenia podr\u0119cznika1<\/strong><\/p>\n<p>sporz\u0105dzony w dniu &#8230;&#8230;&#8230;&#8230;&#8230;&#8230;&#8230;&#8230;&#8230;&#8230;&#8230;&#8230;&#8230;&#8230;&#8230;&#8230;. 20&#8230;&#8230;r. przez komisj\u0119 w sk\u0142adzie:<\/p>\n<p>1) &#8230;&#8230;&#8230;&#8230;&#8230;&#8230;&#8230;&#8230;&#8230;&#8230;&#8230;&#8230;&#8230;&#8230;&#8230;&#8230;&#8230;&#8230;&#8230;&#8230;&#8230;&#8230;&#8230;&#8230;&#8230;&#8230;&#8230;&#8230;&#8230;&#8230;..<\/p>\n<p>2) &#8230;&#8230;&#8230;&#8230;&#8230;&#8230;&#8230;&#8230;&#8230;&#8230;&#8230;&#8230;&#8230;&#8230;&#8230;&#8230;&#8230;&#8230;&#8230;&#8230;&#8230;&#8230;&#8230;&#8230;&#8230;&#8230;&#8230;&#8230;&#8230;&#8230;..<\/p>\n<p>3) &#8230;&#8230;&#8230;&#8230;&#8230;&#8230;&#8230;&#8230;&#8230;&#8230;&#8230;&#8230;&#8230;&#8230;&#8230;&#8230;&#8230;&#8230;&#8230;&#8230;&#8230;&#8230;&#8230;&#8230;&#8230;&#8230;&#8230;&#8230;&#8230;&#8230;..<\/p>\n<p align=\"center\">w obecno\u015bci: &#8230;&#8230;&#8230;&#8230;&#8230;&#8230;&#8230;&#8230;&#8230;&#8230;&#8230;&#8230;&#8230;&#8230;&#8230;&#8230;&#8230;&#8230;&#8230;&#8230;&#8230;&#8230;&#8230;&#8230;&#8230;&#8230;&#8230;&#8230;&#8230;&#8230;&#8230;&#8230;&#8230;&#8230;&#8230;&#8230;&#8230; (imi\u0119 i nazwisko rodzica\/opiekuna prawnego)<\/p>\n<p>1. Komisja stwierdzi\u0142a, \u017ce podr\u0119cznik nr inwentarzowy &#8230;&#8230;&#8230;&#8230;&#8230;&#8230; o warto\u015bci &#8230;&#8230;&#8230;&#8230;&#8230;&#8230;&#8230;. zosta\u0142:<\/p>\n<p>1) zgubiony,<\/p>\n<p>2) znacznie zu\u017cyty (poza zwyk\u0142e u\u017cywanie),<\/p>\n<p>3) zniszczony1.<\/p>\n<p style=\"text-align: justify;\">2. Na podstawie regulaminu korzystania z bezp\u0142atnych podr\u0119cznik\u00f3w, materia\u0142\u00f3w edukacyjnych oraz materia\u0142\u00f3w \u0107wiczeniowych rodzice\/opiekuni prawni ucznia s\u0105 zobowi\u0105zani do zwrotu koszt\u00f3w zakupu nowego podr\u0119cznika.<\/p>\n<p>3. Zwrot koszt\u00f3w zakupu nowego podr\u0119cznika wynosi&#8230;&#8230;&#8230;&#8230;&#8230;<\/p>\n<p>Podpisy cz\u0142onk\u00f3w Komisji:<\/p>\n<p>1&#8230;&#8230;&#8230;&#8230;&#8230;&#8230;&#8230;&#8230;&#8230;&#8230;&#8230;..<\/p>\n<p>2&#8230;&#8230;&#8230;&#8230;&#8230;&#8230;&#8230;&#8230;&#8230;&#8230;&#8230;&#8230;<\/p>\n<p>3&#8230;&#8230;&#8230;&#8230;&#8230;&#8230;&#8230;&#8230;&#8230;&#8230;&#8230;&#8230; &nbsp; &nbsp; &nbsp; &nbsp; &nbsp; &nbsp; &nbsp; &nbsp; &nbsp; &nbsp; &nbsp; &nbsp; &nbsp; &nbsp; &nbsp; &nbsp; &nbsp; &nbsp; &nbsp; &nbsp; &nbsp; &nbsp; &nbsp; &nbsp; &nbsp; &nbsp; &nbsp; &nbsp; &nbsp; &nbsp; &nbsp; &nbsp; &nbsp; &nbsp; &nbsp; &nbsp; &nbsp; &nbsp;&nbsp; Podpis rodzica\/opiekuna prawnego<\/p>\n<p>1 Niepotrzebne skre\u015bli\u0107<\/p>\n<p align=\"right\">&nbsp;<\/p>\n<p align=\"right\">&nbsp;<\/p>\n<p align=\"right\"><em>Za\u0142\u0105cznik nr 3 do regulaminu korzystania z bezp\u0142atnych podr\u0119cznik\u00f3w, materia\u0142\u00f3w edukacyjnych oraz materia\u0142\u00f3w \u0107wiczeniowych<\/em><\/p>\n<p>&#8230;&#8230;&#8230;&#8230;&#8230;&#8230;&#8230;&#8230;&#8230;&#8230;&#8230;&#8230;&#8230; Horod\u0142o, dnia&#8230;&#8230;&#8230;&#8230;&#8230;&#8230;&#8230;&#8230;&#8230;&#8230;&#8230;.<\/p>\n<p><em>(piecz\u0119\u0107 szko\u0142y)<\/em><\/p>\n<p><strong>WEZWANIE DO ZAP\u0141ATY<\/strong><\/p>\n<p align=\"right\"><em>&#8230;&#8230;&#8230;&#8230;&#8230;&#8230;&#8230;&#8230;&#8230;&#8230;&#8230;&#8230;&#8230;&#8230;&#8230;&#8230;&#8230;&#8230;&#8230;&#8230;&#8230;&#8230;. (imi\u0119 i nazwisko, adres rodzica\/opiekuna)<\/em><\/p>\n<p style=\"text-align: justify;\">Na podstawie o\u015bwiadczenia u\u017cyczenia podr\u0119cznika z dnia &#8230;&#8230;&#8230;&#8230;, z powodu: zgubienia&nbsp; podr\u0119cznika\/znacznego zu\u017cycia wykraczaj\u0105cego poza jego zwyk\u0142e u\u017cywanie\/zniszczenia podr\u0119cznika i wzywamy do uregulowania nale\u017cnej kwoty wg podanego ni\u017cej obliczenia:<\/p>\n<p>Tytu\u0142 podr\u0119cznika Nr inwentarzowy<\/p>\n<p align=\"center\">Warto\u015b\u0107 podr\u0119cznika<\/p>\n<p align=\"center\">Kwota do zap\u0142aty<\/p>\n<p>RAZEM<\/p>\n<p>S\u0142ownie do zap\u0142aty: &#8230;&#8230;&#8230;&#8230;&#8230;&#8230;&#8230;&#8230;&#8230;&#8230;&#8230;&#8230;&#8230;&#8230;&#8230;&#8230;&#8230;&#8230;&#8230;&#8230;&#8230;&#8230;&#8230;&#8230;&#8230;&#8230;&#8230;&#8230;&#8230;&#8230;&#8230;&#8230;&#8230;&#8230;&#8230;&#8230;&#8230;&#8230;&#8230;&#8230;&#8230;&#8230;<\/p>\n<p style=\"text-align: justify;\">Wy\u017cej wymienion\u0105 kwot\u0119 prosimy przekaza\u0107 w sekretariacie szko\u0142y w ci\u0105gu 7 dni od daty otrzymania niniejszego wezwania.<\/p>\n<p style=\"text-align: justify;\">W przypadku, gdy powy\u017csza kwota zosta\u0142a uregulowana przed otrzymaniem niniejszego wezwania nale\u017cy uzna\u0107 je za nieaktualne.<\/p>\n<p>&nbsp;&nbsp;&nbsp;&nbsp;&nbsp;&nbsp;&nbsp;&nbsp;&nbsp;&nbsp;&nbsp;&nbsp;&nbsp;&nbsp;&nbsp;&nbsp;&nbsp;&nbsp;&nbsp;&nbsp;&nbsp;&nbsp;&nbsp;&nbsp;&nbsp;&nbsp;&nbsp;&nbsp;&nbsp;&nbsp;&nbsp;&nbsp;&nbsp;&nbsp;&nbsp;&nbsp;&nbsp;&nbsp;&nbsp;&nbsp;&nbsp;&nbsp;&nbsp;&nbsp;&nbsp;&nbsp;&nbsp;&nbsp;&nbsp;&nbsp;&nbsp;&nbsp;&nbsp;&nbsp;&nbsp;&nbsp;&nbsp;&nbsp;&nbsp;&nbsp;&nbsp;&nbsp;&nbsp;&nbsp;&nbsp;&nbsp;&nbsp;&nbsp;&nbsp;&nbsp;&nbsp;&nbsp;&nbsp;&nbsp;&nbsp;&nbsp;&nbsp;&nbsp;&nbsp;&nbsp;&nbsp;&nbsp;&nbsp;&nbsp;&nbsp;&nbsp;&nbsp;&nbsp;&nbsp;&nbsp;&nbsp;&nbsp;&nbsp;&nbsp;&nbsp;&nbsp;&nbsp;&nbsp;&nbsp;&nbsp;&nbsp;&nbsp;&nbsp;&nbsp;&nbsp;&nbsp;&nbsp;&nbsp;&nbsp;&nbsp;&nbsp;&nbsp;&nbsp;&nbsp;&nbsp;&nbsp;&nbsp;&nbsp;&nbsp;&nbsp;&nbsp;&nbsp;&nbsp;&nbsp; \u2026&#8230;&#8230;&#8230;&#8230;&#8230;&#8230;&#8230;&#8230;&#8230;&#8230;&#8230;&#8230;&#8230;&#8230;&#8230;&#8230;&#8230;&#8230;.<\/p>\n<p><em>&nbsp;&nbsp;&nbsp;&nbsp;&nbsp;&nbsp;&nbsp;&nbsp;&nbsp;&nbsp;&nbsp;&nbsp;&nbsp;&nbsp;&nbsp;&nbsp;&nbsp;&nbsp;&nbsp;&nbsp;&nbsp;&nbsp;&nbsp;&nbsp;&nbsp;&nbsp;&nbsp;&nbsp;&nbsp;&nbsp;&nbsp;&nbsp;&nbsp;&nbsp;&nbsp;&nbsp;&nbsp;&nbsp;&nbsp;&nbsp;&nbsp;&nbsp;&nbsp;&nbsp;&nbsp;&nbsp;&nbsp;&nbsp;&nbsp;&nbsp;&nbsp;&nbsp;&nbsp;&nbsp;&nbsp;&nbsp;&nbsp;&nbsp;&nbsp;&nbsp;&nbsp;&nbsp;&nbsp;&nbsp;&nbsp;&nbsp;&nbsp;&nbsp;&nbsp;&nbsp;&nbsp;&nbsp;&nbsp;&nbsp;&nbsp;&nbsp;&nbsp;&nbsp;&nbsp;&nbsp;&nbsp;&nbsp;&nbsp;&nbsp;&nbsp;&nbsp;&nbsp;&nbsp;&nbsp;&nbsp;&nbsp;&nbsp;&nbsp;&nbsp;&nbsp;&nbsp;&nbsp;&nbsp;&nbsp;&nbsp;&nbsp;&nbsp;&nbsp; &nbsp; &nbsp; &nbsp; &nbsp; &nbsp; &nbsp; &nbsp; &nbsp; &nbsp; &nbsp; &nbsp; &nbsp; &nbsp; &nbsp; &nbsp; &nbsp; &nbsp; &nbsp; &nbsp; &nbsp; &nbsp; Dyrektor szko\u0142y<\/em><\/p>\n<p>i Niepotrzebne skre\u015bli\u0107<\/p>\n","protected":false},"excerpt":{"rendered":"<p>Zesp\u00f3\u0142 Szk\u00f3\u0142 w Horodle Regulamin korzystania z darmowych podr\u0119cznik\u00f3w, materia\u0142\u00f3w edukacyjnych oraz materia\u0142\u00f3w \u0107wiczeniowych. &nbsp; Szkolny regulamin korzystania z darmowych podr\u0119cznik\u00f3w, materia\u0142\u00f3w edukacyjnych oraz materia\u0142\u00f3w \u0107wiczeniowych. Rozdzia\u0142 I POSTANOWIENIA OG\u00d3LNE \u00a7 1 Przedmiot Regulaminu 1. Niniejszy \u201eRegulamin korzystania z darmowych &hellip; <a href=\"https:\/\/zshorodlo.pl\/?page_id=24406\">Czytaj dalej <span class=\"meta-nav\">&rarr;<\/span><\/a><\/p>\n","protected":false},"author":3,"featured_media":0,"parent":51,"menu_order":5,"comment_status":"closed","ping_status":"closed","template":"","meta":{"ngg_post_thumbnail":0,"footnotes":""},"_links":{"self":[{"href":"https:\/\/zshorodlo.pl\/index.php?rest_route=\/wp\/v2\/pages\/24406"}],"collection":[{"href":"https:\/\/zshorodlo.pl\/index.php?rest_route=\/wp\/v2\/pages"}],"about":[{"href":"https:\/\/zshorodlo.pl\/index.php?rest_route=\/wp\/v2\/types\/page"}],"author":[{"embeddable":true,"href":"https:\/\/zshorodlo.pl\/index.php?rest_route=\/wp\/v2\/users\/3"}],"replies":[{"embeddable":true,"href":"https:\/\/zshorodlo.pl\/index.php?rest_route=%2Fwp%2Fv2%2Fcomments&post=24406"}],"version-history":[{"count":2,"href":"https:\/\/zshorodlo.pl\/index.php?rest_route=\/wp\/v2\/pages\/24406\/revisions"}],"predecessor-version":[{"id":38896,"href":"https:\/\/zshorodlo.pl\/index.php?rest_route=\/wp\/v2\/pages\/24406\/revisions\/38896"}],"up":[{"embeddable":true,"href":"https:\/\/zshorodlo.pl\/index.php?rest_route=\/wp\/v2\/pages\/51"}],"wp:attachment":[{"href":"https:\/\/zshorodlo.pl\/index.php?rest_route=%2Fwp%2Fv2%2Fmedia&parent=24406"}],"curies":[{"name":"wp","href":"https:\/\/api.w.org\/{rel}","templated":true}]}}